{"id":6302,"date":"2018-07-21T12:56:11","date_gmt":"2018-07-21T11:56:11","guid":{"rendered":"https:\/\/marneantic.com\/?post_type=product&#038;p=6302"},"modified":"2018-07-21T13:03:37","modified_gmt":"2018-07-21T12:03:37","slug":"presse-papier-de-a-jouer-ancien-en-acier","status":"publish","type":"product","link":"https:\/\/marneantic.com\/index.php\/produit\/presse-papier-de-a-jouer-ancien-en-acier\/","title":{"rendered":"Presse papier d\u00e9 a jouer ancien en acier"},"content":{"rendered":"","protected":false},"excerpt":{"rendered":"<p>Presse papier d\u00e9 a jouer ancien en acier,en bon \u00e9tat,dimensions:5x7cm,hauteur:7cm<\/p>\n","protected":false},"featured_media":6304,"comment_status":"closed","ping_status":"closed","template":"","meta":{"_et_pb_use_builder":"","_et_pb_old_content":"","_et_gb_content_width":""},"product_cat":[14,8],"product_tag":[],"_links":{"self":[{"href":"https:\/\/marneantic.com\/index.php\/wp-json\/wp\/v2\/product\/6302"}],"collection":[{"href":"https:\/\/marneantic.com\/index.php\/wp-json\/wp\/v2\/product"}],"about":[{"href":"https:\/\/marneantic.com\/index.php\/wp-json\/wp\/v2\/types\/product"}],"replies":[{"embeddable":true,"href":"https:\/\/marneantic.com\/index.php\/wp-json\/wp\/v2\/comments?post=6302"}],"wp:featuredmedia":[{"embeddable":true,"href":"https:\/\/marneantic.com\/index.php\/wp-json\/wp\/v2\/media\/6304"}],"wp:attachment":[{"href":"https:\/\/marneantic.com\/index.php\/wp-json\/wp\/v2\/media?parent=6302"}],"wp:term":[{"taxonomy":"product_cat","embeddable":true,"href":"https:\/\/marneantic.com\/index.php\/wp-json\/wp\/v2\/product_cat?post=6302"},{"taxonomy":"product_tag","embeddable":true,"href":"https:\/\/marneantic.com\/index.php\/wp-json\/wp\/v2\/product_tag?post=6302"}],"curies":[{"name":"wp","href":"https:\/\/api.w.org\/{rel}","templated":true}]}}