{"id":6305,"date":"2018-07-21T13:14:34","date_gmt":"2018-07-21T12:14:34","guid":{"rendered":"https:\/\/marneantic.com\/?post_type=product&#038;p=6305"},"modified":"2018-07-21T13:21:14","modified_gmt":"2018-07-21T12:21:14","slug":"lampe-berger-en-porcelaine-de-limogestharaud","status":"publish","type":"product","link":"https:\/\/marneantic.com\/index.php\/produit\/lampe-berger-en-porcelaine-de-limogestharaud\/","title":{"rendered":"Lampe berger en porcelaine de Limoges\u00a0\u00bbTHARAUD\u00a0\u00bb"},"content":{"rendered":"","protected":false},"excerpt":{"rendered":"<p>Lampe berger en porcelaine de Limoges\u00a0\u00bbTHARAUD\u00a0\u00bben tr\u00e8s bon \u00e9tat,compl\u00e8te,hauteur:15.5cm,diametre:10cm<\/p>\n","protected":false},"featured_media":6308,"comment_status":"open","ping_status":"closed","template":"","meta":{"_et_pb_use_builder":"","_et_pb_old_content":"","_et_gb_content_width":""},"product_cat":[14,8],"product_tag":[],"_links":{"self":[{"href":"https:\/\/marneantic.com\/index.php\/wp-json\/wp\/v2\/product\/6305"}],"collection":[{"href":"https:\/\/marneantic.com\/index.php\/wp-json\/wp\/v2\/product"}],"about":[{"href":"https:\/\/marneantic.com\/index.php\/wp-json\/wp\/v2\/types\/product"}],"replies":[{"embeddable":true,"href":"https:\/\/marneantic.com\/index.php\/wp-json\/wp\/v2\/comments?post=6305"}],"wp:featuredmedia":[{"embeddable":true,"href":"https:\/\/marneantic.com\/index.php\/wp-json\/wp\/v2\/media\/6308"}],"wp:attachment":[{"href":"https:\/\/marneantic.com\/index.php\/wp-json\/wp\/v2\/media?parent=6305"}],"wp:term":[{"taxonomy":"product_cat","embeddable":true,"href":"https:\/\/marneantic.com\/index.php\/wp-json\/wp\/v2\/product_cat?post=6305"},{"taxonomy":"product_tag","embeddable":true,"href":"https:\/\/marneantic.com\/index.php\/wp-json\/wp\/v2\/product_tag?post=6305"}],"curies":[{"name":"wp","href":"https:\/\/api.w.org\/{rel}","templated":true}]}}