{"id":6347,"date":"2018-07-22T15:33:55","date_gmt":"2018-07-22T14:33:55","guid":{"rendered":"https:\/\/marneantic.com\/?post_type=product&#038;p=6347"},"modified":"2018-07-22T15:38:36","modified_gmt":"2018-07-22T14:38:36","slug":"flute-a-champagne-ancienne-19eme-2","status":"publish","type":"product","link":"https:\/\/marneantic.com\/index.php\/produit\/flute-a-champagne-ancienne-19eme-2\/","title":{"rendered":"Fl\u00fbte a champagne ancienne 19eme"},"content":{"rendered":"","protected":false},"excerpt":{"rendered":"<p>Fl\u00fbte a champagne ancienne(fin 19eme)d\u00e9cor a 8 pans coup\u00e9s sur la base du contenant,en tr\u00e8s bon \u00e9tat,hauteur:16.5cm,diam\u00e8tre du buvant:5.8cm,diam\u00e8tre du pied:6.9cm<\/p>\n","protected":false},"featured_media":6349,"comment_status":"closed","ping_status":"closed","template":"","meta":{"_et_pb_use_builder":"","_et_pb_old_content":"","_et_gb_content_width":""},"product_cat":[10,11],"product_tag":[],"_links":{"self":[{"href":"https:\/\/marneantic.com\/index.php\/wp-json\/wp\/v2\/product\/6347"}],"collection":[{"href":"https:\/\/marneantic.com\/index.php\/wp-json\/wp\/v2\/product"}],"about":[{"href":"https:\/\/marneantic.com\/index.php\/wp-json\/wp\/v2\/types\/product"}],"replies":[{"embeddable":true,"href":"https:\/\/marneantic.com\/index.php\/wp-json\/wp\/v2\/comments?post=6347"}],"wp:featuredmedia":[{"embeddable":true,"href":"https:\/\/marneantic.com\/index.php\/wp-json\/wp\/v2\/media\/6349"}],"wp:attachment":[{"href":"https:\/\/marneantic.com\/index.php\/wp-json\/wp\/v2\/media?parent=6347"}],"wp:term":[{"taxonomy":"product_cat","embeddable":true,"href":"https:\/\/marneantic.com\/index.php\/wp-json\/wp\/v2\/product_cat?post=6347"},{"taxonomy":"product_tag","embeddable":true,"href":"https:\/\/marneantic.com\/index.php\/wp-json\/wp\/v2\/product_tag?post=6347"}],"curies":[{"name":"wp","href":"https:\/\/api.w.org\/{rel}","templated":true}]}}