{"id":6422,"date":"2018-07-26T14:38:52","date_gmt":"2018-07-26T13:38:52","guid":{"rendered":"https:\/\/marneantic.com\/?post_type=product&#038;p=6422"},"modified":"2018-07-26T14:38:54","modified_gmt":"2018-07-26T13:38:54","slug":"pichet-ancien-en-porcelaine","status":"publish","type":"product","link":"https:\/\/marneantic.com\/index.php\/produit\/pichet-ancien-en-porcelaine\/","title":{"rendered":"Pichet ancien en porcelaine"},"content":{"rendered":"","protected":false},"excerpt":{"rendered":"<p>grand pichet ancien en porcelaine,en tr\u00e8s bon \u00e9tat,hauteur:18cm,largeur:9.5cm,profondeur hors bec et poign\u00e9e:11cm,aucune marque de fabrique<\/p>\n","protected":false},"featured_media":6424,"comment_status":"open","ping_status":"closed","template":"","meta":{"_et_pb_use_builder":"","_et_pb_old_content":"","_et_gb_content_width":""},"product_cat":[13,28,7],"product_tag":[],"_links":{"self":[{"href":"https:\/\/marneantic.com\/index.php\/wp-json\/wp\/v2\/product\/6422"}],"collection":[{"href":"https:\/\/marneantic.com\/index.php\/wp-json\/wp\/v2\/product"}],"about":[{"href":"https:\/\/marneantic.com\/index.php\/wp-json\/wp\/v2\/types\/product"}],"replies":[{"embeddable":true,"href":"https:\/\/marneantic.com\/index.php\/wp-json\/wp\/v2\/comments?post=6422"}],"wp:featuredmedia":[{"embeddable":true,"href":"https:\/\/marneantic.com\/index.php\/wp-json\/wp\/v2\/media\/6424"}],"wp:attachment":[{"href":"https:\/\/marneantic.com\/index.php\/wp-json\/wp\/v2\/media?parent=6422"}],"wp:term":[{"taxonomy":"product_cat","embeddable":true,"href":"https:\/\/marneantic.com\/index.php\/wp-json\/wp\/v2\/product_cat?post=6422"},{"taxonomy":"product_tag","embeddable":true,"href":"https:\/\/marneantic.com\/index.php\/wp-json\/wp\/v2\/product_tag?post=6422"}],"curies":[{"name":"wp","href":"https:\/\/api.w.org\/{rel}","templated":true}]}}