{"id":643,"date":"2016-02-26T15:00:00","date_gmt":"2016-02-26T14:00:00","guid":{"rendered":"http:\/\/marneantic.com\/?post_type=product&#038;p=643"},"modified":"2016-10-17T17:04:01","modified_gmt":"2016-10-17T16:04:01","slug":"9-cuilleres-a-moka-metal-argente","status":"publish","type":"product","link":"https:\/\/marneantic.com\/index.php\/produit\/9-cuilleres-a-moka-metal-argente\/","title":{"rendered":"9 cuill\u00e8res a moka m\u00e9tal argent\u00e9"},"content":{"rendered":"","protected":false},"excerpt":{"rendered":"<p>9 cuill\u00e8res a moka en m\u00e9tal argent\u00e9 poin\u00e7onn\u00e9,en tr\u00e8s bon \u00e9tat<\/p>\n","protected":false},"featured_media":644,"comment_status":"closed","ping_status":"closed","template":"","meta":{"_et_pb_use_builder":"","_et_pb_old_content":"","_et_gb_content_width":""},"product_cat":[12,10,29],"product_tag":[],"_links":{"self":[{"href":"https:\/\/marneantic.com\/index.php\/wp-json\/wp\/v2\/product\/643"}],"collection":[{"href":"https:\/\/marneantic.com\/index.php\/wp-json\/wp\/v2\/product"}],"about":[{"href":"https:\/\/marneantic.com\/index.php\/wp-json\/wp\/v2\/types\/product"}],"replies":[{"embeddable":true,"href":"https:\/\/marneantic.com\/index.php\/wp-json\/wp\/v2\/comments?post=643"}],"wp:featuredmedia":[{"embeddable":true,"href":"https:\/\/marneantic.com\/index.php\/wp-json\/wp\/v2\/media\/644"}],"wp:attachment":[{"href":"https:\/\/marneantic.com\/index.php\/wp-json\/wp\/v2\/media?parent=643"}],"wp:term":[{"taxonomy":"product_cat","embeddable":true,"href":"https:\/\/marneantic.com\/index.php\/wp-json\/wp\/v2\/product_cat?post=643"},{"taxonomy":"product_tag","embeddable":true,"href":"https:\/\/marneantic.com\/index.php\/wp-json\/wp\/v2\/product_tag?post=643"}],"curies":[{"name":"wp","href":"https:\/\/api.w.org\/{rel}","templated":true}]}}