{"id":648,"date":"2016-02-26T15:09:29","date_gmt":"2016-02-26T14:09:29","guid":{"rendered":"http:\/\/marneantic.com\/?post_type=product&#038;p=648"},"modified":"2016-10-17T17:03:46","modified_gmt":"2016-10-17T16:03:46","slug":"12-cuilleres-a-entremetsglace-metal-argente-en-ecrin","status":"publish","type":"product","link":"https:\/\/marneantic.com\/index.php\/produit\/12-cuilleres-a-entremetsglace-metal-argente-en-ecrin\/","title":{"rendered":"12 cuill\u00e8res a entremets\/glace m\u00e9tal argent\u00e9 en ecrin"},"content":{"rendered":"","protected":false},"excerpt":{"rendered":"<p>12 cuill\u00e8res a entremets\/glace en m\u00e9tal argent\u00e9 poinconn\u00e9,en \u00e9tat neuf,en ecrin<\/p>\n","protected":false},"featured_media":650,"comment_status":"closed","ping_status":"closed","template":"","meta":{"_et_pb_use_builder":"","_et_pb_old_content":"","_et_gb_content_width":""},"product_cat":[12,10,29],"product_tag":[],"_links":{"self":[{"href":"https:\/\/marneantic.com\/index.php\/wp-json\/wp\/v2\/product\/648"}],"collection":[{"href":"https:\/\/marneantic.com\/index.php\/wp-json\/wp\/v2\/product"}],"about":[{"href":"https:\/\/marneantic.com\/index.php\/wp-json\/wp\/v2\/types\/product"}],"replies":[{"embeddable":true,"href":"https:\/\/marneantic.com\/index.php\/wp-json\/wp\/v2\/comments?post=648"}],"wp:featuredmedia":[{"embeddable":true,"href":"https:\/\/marneantic.com\/index.php\/wp-json\/wp\/v2\/media\/650"}],"wp:attachment":[{"href":"https:\/\/marneantic.com\/index.php\/wp-json\/wp\/v2\/media?parent=648"}],"wp:term":[{"taxonomy":"product_cat","embeddable":true,"href":"https:\/\/marneantic.com\/index.php\/wp-json\/wp\/v2\/product_cat?post=648"},{"taxonomy":"product_tag","embeddable":true,"href":"https:\/\/marneantic.com\/index.php\/wp-json\/wp\/v2\/product_tag?post=648"}],"curies":[{"name":"wp","href":"https:\/\/api.w.org\/{rel}","templated":true}]}}