{"id":6752,"date":"2018-09-04T14:59:02","date_gmt":"2018-09-04T13:59:02","guid":{"rendered":"https:\/\/marneantic.com\/?post_type=product&#038;p=6752"},"modified":"2019-01-03T13:47:42","modified_gmt":"2019-01-03T12:47:42","slug":"grosse-jauge-industrielle-anciennedeco-loft","status":"publish","type":"product","link":"https:\/\/marneantic.com\/index.php\/produit\/grosse-jauge-industrielle-anciennedeco-loft\/","title":{"rendered":"Grosse jauge industrielle ancienne,d\u00e9co loft"},"content":{"rendered":"","protected":false},"excerpt":{"rendered":"<p>grosse jauge industrielle ancienne,d\u00e9co loft,en bon \u00e9tat(la vitre a un f\u00eale),compl\u00e8te,provenance Thonon les bains diametre:15cm profondeur:8.5cm peut se fixer au mur,tr\u00e8s lourde<\/p>\n","protected":false},"featured_media":6755,"comment_status":"open","ping_status":"closed","template":"","meta":{"_et_pb_use_builder":"","_et_pb_old_content":"","_et_gb_content_width":""},"product_cat":[8,16],"product_tag":[],"_links":{"self":[{"href":"https:\/\/marneantic.com\/index.php\/wp-json\/wp\/v2\/product\/6752"}],"collection":[{"href":"https:\/\/marneantic.com\/index.php\/wp-json\/wp\/v2\/product"}],"about":[{"href":"https:\/\/marneantic.com\/index.php\/wp-json\/wp\/v2\/types\/product"}],"replies":[{"embeddable":true,"href":"https:\/\/marneantic.com\/index.php\/wp-json\/wp\/v2\/comments?post=6752"}],"wp:featuredmedia":[{"embeddable":true,"href":"https:\/\/marneantic.com\/index.php\/wp-json\/wp\/v2\/media\/6755"}],"wp:attachment":[{"href":"https:\/\/marneantic.com\/index.php\/wp-json\/wp\/v2\/media?parent=6752"}],"wp:term":[{"taxonomy":"product_cat","embeddable":true,"href":"https:\/\/marneantic.com\/index.php\/wp-json\/wp\/v2\/product_cat?post=6752"},{"taxonomy":"product_tag","embeddable":true,"href":"https:\/\/marneantic.com\/index.php\/wp-json\/wp\/v2\/product_tag?post=6752"}],"curies":[{"name":"wp","href":"https:\/\/api.w.org\/{rel}","templated":true}]}}