{"id":693,"date":"2016-02-29T14:46:07","date_gmt":"2016-02-29T13:46:07","guid":{"rendered":"http:\/\/marneantic.com\/?post_type=product&#038;p=693"},"modified":"2019-08-14T07:40:14","modified_gmt":"2019-08-14T06:40:14","slug":"duo-coupes-a-champagne-art-deco","status":"publish","type":"product","link":"https:\/\/marneantic.com\/index.php\/produit\/duo-coupes-a-champagne-art-deco\/","title":{"rendered":"Duo coupes a champagne art-d\u00e9co"},"content":{"rendered":"","protected":false},"excerpt":{"rendered":"<p>Duo coupes a champagne art-d\u00e9co,motif g\u00e9om\u00e9trique,en tr\u00e8s bon \u00e9tat<\/p>\n","protected":false},"featured_media":694,"comment_status":"closed","ping_status":"closed","template":"","meta":{"_et_pb_use_builder":"","_et_pb_old_content":"","_et_gb_content_width":""},"product_cat":[10,44,11],"product_tag":[],"_links":{"self":[{"href":"https:\/\/marneantic.com\/index.php\/wp-json\/wp\/v2\/product\/693"}],"collection":[{"href":"https:\/\/marneantic.com\/index.php\/wp-json\/wp\/v2\/product"}],"about":[{"href":"https:\/\/marneantic.com\/index.php\/wp-json\/wp\/v2\/types\/product"}],"replies":[{"embeddable":true,"href":"https:\/\/marneantic.com\/index.php\/wp-json\/wp\/v2\/comments?post=693"}],"wp:featuredmedia":[{"embeddable":true,"href":"https:\/\/marneantic.com\/index.php\/wp-json\/wp\/v2\/media\/694"}],"wp:attachment":[{"href":"https:\/\/marneantic.com\/index.php\/wp-json\/wp\/v2\/media?parent=693"}],"wp:term":[{"taxonomy":"product_cat","embeddable":true,"href":"https:\/\/marneantic.com\/index.php\/wp-json\/wp\/v2\/product_cat?post=693"},{"taxonomy":"product_tag","embeddable":true,"href":"https:\/\/marneantic.com\/index.php\/wp-json\/wp\/v2\/product_tag?post=693"}],"curies":[{"name":"wp","href":"https:\/\/api.w.org\/{rel}","templated":true}]}}