{"id":6974,"date":"2018-10-16T10:44:45","date_gmt":"2018-10-16T09:44:45","guid":{"rendered":"https:\/\/marneantic.com\/?post_type=product&#038;p=6974"},"modified":"2018-10-16T10:52:39","modified_gmt":"2018-10-16T09:52:39","slug":"couverts-anciens-en-metal-argenteen-ecrin-3-pieces","status":"publish","type":"product","link":"https:\/\/marneantic.com\/index.php\/produit\/couverts-anciens-en-metal-argenteen-ecrin-3-pieces\/","title":{"rendered":"Couverts anciens en m\u00e9tal argent\u00e9,en \u00e9crin 3 pi\u00e8ces"},"content":{"rendered":"","protected":false},"excerpt":{"rendered":"<p>Couverts anciens en m\u00e9tal argent\u00e9 poin\u00e7onn\u00e9,en \u00e9tat neuf,longueur:21cm et couteau:25cm avec lame inox:,\u00e9crin d&rsquo;origine en bon \u00e9tat<\/p>\n","protected":false},"featured_media":6979,"comment_status":"closed","ping_status":"closed","template":"","meta":{"_et_pb_use_builder":"","_et_pb_old_content":"","_et_gb_content_width":""},"product_cat":[12,10,29],"product_tag":[],"_links":{"self":[{"href":"https:\/\/marneantic.com\/index.php\/wp-json\/wp\/v2\/product\/6974"}],"collection":[{"href":"https:\/\/marneantic.com\/index.php\/wp-json\/wp\/v2\/product"}],"about":[{"href":"https:\/\/marneantic.com\/index.php\/wp-json\/wp\/v2\/types\/product"}],"replies":[{"embeddable":true,"href":"https:\/\/marneantic.com\/index.php\/wp-json\/wp\/v2\/comments?post=6974"}],"wp:featuredmedia":[{"embeddable":true,"href":"https:\/\/marneantic.com\/index.php\/wp-json\/wp\/v2\/media\/6979"}],"wp:attachment":[{"href":"https:\/\/marneantic.com\/index.php\/wp-json\/wp\/v2\/media?parent=6974"}],"wp:term":[{"taxonomy":"product_cat","embeddable":true,"href":"https:\/\/marneantic.com\/index.php\/wp-json\/wp\/v2\/product_cat?post=6974"},{"taxonomy":"product_tag","embeddable":true,"href":"https:\/\/marneantic.com\/index.php\/wp-json\/wp\/v2\/product_tag?post=6974"}],"curies":[{"name":"wp","href":"https:\/\/api.w.org\/{rel}","templated":true}]}}