{"id":6993,"date":"2018-10-17T10:05:14","date_gmt":"2018-10-17T09:05:14","guid":{"rendered":"https:\/\/marneantic.com\/?post_type=product&#038;p=6993"},"modified":"2023-01-31T13:10:27","modified_gmt":"2023-01-31T12:10:27","slug":"reassortcuillere-a-soupe-en-metal-argentechristoflemodele-fideliouniplat","status":"publish","type":"product","link":"https:\/\/marneantic.com\/index.php\/produit\/reassortcuillere-a-soupe-en-metal-argentechristoflemodele-fideliouniplat\/","title":{"rendered":"R\u00e9assort,cuill\u00e8re a soupe en m\u00e9tal argent\u00e9,CHRISTOFLE,mod\u00e8le Fidelio,uniplat"},"content":{"rendered":"","protected":false},"excerpt":{"rendered":"<p>R\u00e9assort,cuill\u00e8re a soupe en m\u00e9tal argent\u00e9,CHRISTOFLE,mod\u00e8le Fidelio,uniplat,en bon \u00e9tat,longueur:21cm<\/p>\n","protected":false},"featured_media":6996,"comment_status":"closed","ping_status":"closed","template":"","meta":{"_et_pb_use_builder":"","_et_pb_old_content":"","_et_gb_content_width":""},"product_cat":[12,10,29],"product_tag":[],"_links":{"self":[{"href":"https:\/\/marneantic.com\/index.php\/wp-json\/wp\/v2\/product\/6993"}],"collection":[{"href":"https:\/\/marneantic.com\/index.php\/wp-json\/wp\/v2\/product"}],"about":[{"href":"https:\/\/marneantic.com\/index.php\/wp-json\/wp\/v2\/types\/product"}],"replies":[{"embeddable":true,"href":"https:\/\/marneantic.com\/index.php\/wp-json\/wp\/v2\/comments?post=6993"}],"wp:featuredmedia":[{"embeddable":true,"href":"https:\/\/marneantic.com\/index.php\/wp-json\/wp\/v2\/media\/6996"}],"wp:attachment":[{"href":"https:\/\/marneantic.com\/index.php\/wp-json\/wp\/v2\/media?parent=6993"}],"wp:term":[{"taxonomy":"product_cat","embeddable":true,"href":"https:\/\/marneantic.com\/index.php\/wp-json\/wp\/v2\/product_cat?post=6993"},{"taxonomy":"product_tag","embeddable":true,"href":"https:\/\/marneantic.com\/index.php\/wp-json\/wp\/v2\/product_tag?post=6993"}],"curies":[{"name":"wp","href":"https:\/\/api.w.org\/{rel}","templated":true}]}}