{"id":7001,"date":"2018-10-17T10:31:29","date_gmt":"2018-10-17T09:31:29","guid":{"rendered":"https:\/\/marneantic.com\/?post_type=product&#038;p=7001"},"modified":"2018-10-17T10:35:22","modified_gmt":"2018-10-17T09:35:22","slug":"verre-a-liqueur-ancien-georges-sand-2","status":"publish","type":"product","link":"https:\/\/marneantic.com\/index.php\/produit\/verre-a-liqueur-ancien-georges-sand-2\/","title":{"rendered":"Verre a liqueur ancien Georges Sand"},"content":{"rendered":"","protected":false},"excerpt":{"rendered":"<p>verre a liqueur\u00a0ancien bicolore\u00a0\u00bbGeorges Sand\u00a0\u00bben tr\u00e8s bon \u00e9tat,hauteur:3.8cm,diam\u00e8tre du buvant:3.7cm<\/p>\n","protected":false},"featured_media":7002,"comment_status":"open","ping_status":"closed","template":"","meta":{"_et_pb_use_builder":"","_et_pb_old_content":"","_et_gb_content_width":""},"product_cat":[10,11],"product_tag":[],"_links":{"self":[{"href":"https:\/\/marneantic.com\/index.php\/wp-json\/wp\/v2\/product\/7001"}],"collection":[{"href":"https:\/\/marneantic.com\/index.php\/wp-json\/wp\/v2\/product"}],"about":[{"href":"https:\/\/marneantic.com\/index.php\/wp-json\/wp\/v2\/types\/product"}],"replies":[{"embeddable":true,"href":"https:\/\/marneantic.com\/index.php\/wp-json\/wp\/v2\/comments?post=7001"}],"wp:featuredmedia":[{"embeddable":true,"href":"https:\/\/marneantic.com\/index.php\/wp-json\/wp\/v2\/media\/7002"}],"wp:attachment":[{"href":"https:\/\/marneantic.com\/index.php\/wp-json\/wp\/v2\/media?parent=7001"}],"wp:term":[{"taxonomy":"product_cat","embeddable":true,"href":"https:\/\/marneantic.com\/index.php\/wp-json\/wp\/v2\/product_cat?post=7001"},{"taxonomy":"product_tag","embeddable":true,"href":"https:\/\/marneantic.com\/index.php\/wp-json\/wp\/v2\/product_tag?post=7001"}],"curies":[{"name":"wp","href":"https:\/\/api.w.org\/{rel}","templated":true}]}}