{"id":7012,"date":"2018-10-18T10:20:00","date_gmt":"2018-10-18T09:20:00","guid":{"rendered":"https:\/\/marneantic.com\/?post_type=product&#038;p=7012"},"modified":"2018-11-08T16:13:06","modified_gmt":"2018-11-08T15:13:06","slug":"verre-a-liqueur-emaille-ancien-4","status":"publish","type":"product","link":"https:\/\/marneantic.com\/index.php\/produit\/verre-a-liqueur-emaille-ancien-4\/","title":{"rendered":"Verre \u00e0 liqueur \u00e9maill\u00e9 ancien"},"content":{"rendered":"","protected":false},"excerpt":{"rendered":"<table style=\"height: 9px;\" width=\"1030\" align=\"center\">\n<tbody>\n<tr>\n<td>\n<div id=\"ds_div\">Verre \u00e0 liqueur \u00e9maill\u00e9 ancien ,d\u00e9cor de fleurs et liser\u00e9s,en tr\u00e8s bon \u00e9tat,hauteur:7.8cm,diametre du buvant:3.5cm,diametre du pied:3.9cm<\/div>\n<\/td>\n<\/tr>\n<\/tbody>\n<\/table>\n","protected":false},"featured_media":7014,"comment_status":"closed","ping_status":"closed","template":"","meta":{"_et_pb_use_builder":"","_et_pb_old_content":"","_et_gb_content_width":""},"product_cat":[14,11],"product_tag":[],"_links":{"self":[{"href":"https:\/\/marneantic.com\/index.php\/wp-json\/wp\/v2\/product\/7012"}],"collection":[{"href":"https:\/\/marneantic.com\/index.php\/wp-json\/wp\/v2\/product"}],"about":[{"href":"https:\/\/marneantic.com\/index.php\/wp-json\/wp\/v2\/types\/product"}],"replies":[{"embeddable":true,"href":"https:\/\/marneantic.com\/index.php\/wp-json\/wp\/v2\/comments?post=7012"}],"wp:featuredmedia":[{"embeddable":true,"href":"https:\/\/marneantic.com\/index.php\/wp-json\/wp\/v2\/media\/7014"}],"wp:attachment":[{"href":"https:\/\/marneantic.com\/index.php\/wp-json\/wp\/v2\/media?parent=7012"}],"wp:term":[{"taxonomy":"product_cat","embeddable":true,"href":"https:\/\/marneantic.com\/index.php\/wp-json\/wp\/v2\/product_cat?post=7012"},{"taxonomy":"product_tag","embeddable":true,"href":"https:\/\/marneantic.com\/index.php\/wp-json\/wp\/v2\/product_tag?post=7012"}],"curies":[{"name":"wp","href":"https:\/\/api.w.org\/{rel}","templated":true}]}}