{"id":702,"date":"2016-02-29T15:04:34","date_gmt":"2016-02-29T14:04:34","guid":{"rendered":"http:\/\/marneantic.com\/?post_type=product&#038;p=702"},"modified":"2021-09-07T15:54:54","modified_gmt":"2021-09-07T14:54:54","slug":"porte-picscanardfaience-annees-60","status":"publish","type":"product","link":"https:\/\/marneantic.com\/index.php\/produit\/porte-picscanardfaience-annees-60\/","title":{"rendered":"Porte-pics\u00a0\u00bbcanard\u00a0\u00bbfa\u00efence ann\u00e9es 60&prime;"},"content":{"rendered":"","protected":false},"excerpt":{"rendered":"<p>Porte-pics \u00ab\u00a0canard\u00a0\u00bb fa\u00efence ann\u00e9es 60&prime;,complet 12 pics,en tr\u00e8s bon \u00e9tat,fabrique inconnue<\/p>\n","protected":false},"featured_media":703,"comment_status":"closed","ping_status":"closed","template":"","meta":{"_et_pb_use_builder":"","_et_pb_old_content":"","_et_gb_content_width":""},"product_cat":[13,10,16],"product_tag":[],"_links":{"self":[{"href":"https:\/\/marneantic.com\/index.php\/wp-json\/wp\/v2\/product\/702"}],"collection":[{"href":"https:\/\/marneantic.com\/index.php\/wp-json\/wp\/v2\/product"}],"about":[{"href":"https:\/\/marneantic.com\/index.php\/wp-json\/wp\/v2\/types\/product"}],"replies":[{"embeddable":true,"href":"https:\/\/marneantic.com\/index.php\/wp-json\/wp\/v2\/comments?post=702"}],"wp:featuredmedia":[{"embeddable":true,"href":"https:\/\/marneantic.com\/index.php\/wp-json\/wp\/v2\/media\/703"}],"wp:attachment":[{"href":"https:\/\/marneantic.com\/index.php\/wp-json\/wp\/v2\/media?parent=702"}],"wp:term":[{"taxonomy":"product_cat","embeddable":true,"href":"https:\/\/marneantic.com\/index.php\/wp-json\/wp\/v2\/product_cat?post=702"},{"taxonomy":"product_tag","embeddable":true,"href":"https:\/\/marneantic.com\/index.php\/wp-json\/wp\/v2\/product_tag?post=702"}],"curies":[{"name":"wp","href":"https:\/\/api.w.org\/{rel}","templated":true}]}}