{"id":7363,"date":"2018-12-05T10:35:07","date_gmt":"2018-12-05T09:35:07","guid":{"rendered":"https:\/\/marneantic.com\/?post_type=product&#038;p=7363"},"modified":"2018-12-05T10:40:39","modified_gmt":"2018-12-05T09:40:39","slug":"verre-a-absinthe-ancien-4","status":"publish","type":"product","link":"https:\/\/marneantic.com\/index.php\/produit\/verre-a-absinthe-ancien-4\/","title":{"rendered":"Verre \u00e0 absinthe ancien"},"content":{"rendered":"","protected":false},"excerpt":{"rendered":"<p>Verre \u00e0 absinthe ancien en bon \u00e9tat,d\u00e9cor torsad\u00e9,hauteur:15.8cm,diam\u00e8tre du buvant:7cm<\/p>\n","protected":false},"featured_media":7365,"comment_status":"closed","ping_status":"closed","template":"","meta":{"_et_pb_use_builder":"","_et_pb_old_content":"","_et_gb_content_width":""},"product_cat":[10,14,11],"product_tag":[],"_links":{"self":[{"href":"https:\/\/marneantic.com\/index.php\/wp-json\/wp\/v2\/product\/7363"}],"collection":[{"href":"https:\/\/marneantic.com\/index.php\/wp-json\/wp\/v2\/product"}],"about":[{"href":"https:\/\/marneantic.com\/index.php\/wp-json\/wp\/v2\/types\/product"}],"replies":[{"embeddable":true,"href":"https:\/\/marneantic.com\/index.php\/wp-json\/wp\/v2\/comments?post=7363"}],"wp:featuredmedia":[{"embeddable":true,"href":"https:\/\/marneantic.com\/index.php\/wp-json\/wp\/v2\/media\/7365"}],"wp:attachment":[{"href":"https:\/\/marneantic.com\/index.php\/wp-json\/wp\/v2\/media?parent=7363"}],"wp:term":[{"taxonomy":"product_cat","embeddable":true,"href":"https:\/\/marneantic.com\/index.php\/wp-json\/wp\/v2\/product_cat?post=7363"},{"taxonomy":"product_tag","embeddable":true,"href":"https:\/\/marneantic.com\/index.php\/wp-json\/wp\/v2\/product_tag?post=7363"}],"curies":[{"name":"wp","href":"https:\/\/api.w.org\/{rel}","templated":true}]}}