{"id":7366,"date":"2018-12-05T10:51:25","date_gmt":"2018-12-05T09:51:25","guid":{"rendered":"https:\/\/marneantic.com\/?post_type=product&#038;p=7366"},"modified":"2018-12-05T10:58:55","modified_gmt":"2018-12-05T09:58:55","slug":"baccaratcarafe-ancienne-7743","status":"publish","type":"product","link":"https:\/\/marneantic.com\/index.php\/produit\/baccaratcarafe-ancienne-7743\/","title":{"rendered":"BACCARAT:carafe ancienne 7743"},"content":{"rendered":"","protected":false},"excerpt":{"rendered":"<p>BACCARAT:carafe ancienne r\u00e9f\u00e9rence taille 7743 catalogue 1907(non estampill\u00e9e car trop ancienne),en tr\u00e8s bon \u00e9tat,compl\u00e8te avec bouchon d&rsquo;origine num\u00e9rot\u00e9 identique a la carafe,hauteur totale:31cm,diametre:13cm<\/p>\n","protected":false},"featured_media":7369,"comment_status":"closed","ping_status":"closed","template":"","meta":{"_et_pb_use_builder":"","_et_pb_old_content":"","_et_gb_content_width":""},"product_cat":[10,11],"product_tag":[],"_links":{"self":[{"href":"https:\/\/marneantic.com\/index.php\/wp-json\/wp\/v2\/product\/7366"}],"collection":[{"href":"https:\/\/marneantic.com\/index.php\/wp-json\/wp\/v2\/product"}],"about":[{"href":"https:\/\/marneantic.com\/index.php\/wp-json\/wp\/v2\/types\/product"}],"replies":[{"embeddable":true,"href":"https:\/\/marneantic.com\/index.php\/wp-json\/wp\/v2\/comments?post=7366"}],"wp:featuredmedia":[{"embeddable":true,"href":"https:\/\/marneantic.com\/index.php\/wp-json\/wp\/v2\/media\/7369"}],"wp:attachment":[{"href":"https:\/\/marneantic.com\/index.php\/wp-json\/wp\/v2\/media?parent=7366"}],"wp:term":[{"taxonomy":"product_cat","embeddable":true,"href":"https:\/\/marneantic.com\/index.php\/wp-json\/wp\/v2\/product_cat?post=7366"},{"taxonomy":"product_tag","embeddable":true,"href":"https:\/\/marneantic.com\/index.php\/wp-json\/wp\/v2\/product_tag?post=7366"}],"curies":[{"name":"wp","href":"https:\/\/api.w.org\/{rel}","templated":true}]}}