{"id":7402,"date":"2018-12-10T14:55:15","date_gmt":"2018-12-10T13:55:15","guid":{"rendered":"https:\/\/marneantic.com\/?post_type=product&#038;p=7402"},"modified":"2018-12-10T14:55:16","modified_gmt":"2018-12-10T13:55:16","slug":"ensemble-a-condiments-ancien-en-faience-de-quimperhenriot","status":"publish","type":"product","link":"https:\/\/marneantic.com\/index.php\/produit\/ensemble-a-condiments-ancien-en-faience-de-quimperhenriot\/","title":{"rendered":"Ensemble a condiments ancien en fa\u00efence de Quimper(Henriot)"},"content":{"rendered":"","protected":false},"excerpt":{"rendered":"<p>Ensemble a condiments ancien en fa\u00efence de Quimper(Henriot)complet a d\u00e9cor de bretonne,en tr\u00e8s bon \u00e9tat,sans \u00e9clats ni f\u00eales,largeur:10cm,profondeur:13.5cm,hauteur totale:10.5cm<\/p>\n","protected":false},"featured_media":7406,"comment_status":"open","ping_status":"closed","template":"","meta":{"_et_pb_use_builder":"","_et_pb_old_content":"","_et_gb_content_width":""},"product_cat":[13,10],"product_tag":[],"_links":{"self":[{"href":"https:\/\/marneantic.com\/index.php\/wp-json\/wp\/v2\/product\/7402"}],"collection":[{"href":"https:\/\/marneantic.com\/index.php\/wp-json\/wp\/v2\/product"}],"about":[{"href":"https:\/\/marneantic.com\/index.php\/wp-json\/wp\/v2\/types\/product"}],"replies":[{"embeddable":true,"href":"https:\/\/marneantic.com\/index.php\/wp-json\/wp\/v2\/comments?post=7402"}],"wp:featuredmedia":[{"embeddable":true,"href":"https:\/\/marneantic.com\/index.php\/wp-json\/wp\/v2\/media\/7406"}],"wp:attachment":[{"href":"https:\/\/marneantic.com\/index.php\/wp-json\/wp\/v2\/media?parent=7402"}],"wp:term":[{"taxonomy":"product_cat","embeddable":true,"href":"https:\/\/marneantic.com\/index.php\/wp-json\/wp\/v2\/product_cat?post=7402"},{"taxonomy":"product_tag","embeddable":true,"href":"https:\/\/marneantic.com\/index.php\/wp-json\/wp\/v2\/product_tag?post=7402"}],"curies":[{"name":"wp","href":"https:\/\/api.w.org\/{rel}","templated":true}]}}