{"id":7408,"date":"2018-12-11T11:23:10","date_gmt":"2018-12-11T10:23:10","guid":{"rendered":"https:\/\/marneantic.com\/?post_type=product&#038;p=7408"},"modified":"2022-12-30T15:13:58","modified_gmt":"2022-12-30T14:13:58","slug":"verre-a-liqueur-ancien-decor-a-glacis-dore","status":"publish","type":"product","link":"https:\/\/marneantic.com\/index.php\/produit\/verre-a-liqueur-ancien-decor-a-glacis-dore\/","title":{"rendered":"Verre \u00e0 liqueur ancien d\u00e9cor a glacis dor\u00e9"},"content":{"rendered":"","protected":false},"excerpt":{"rendered":"<table style=\"height: 9px;\" width=\"1030\" align=\"center\">\n<tbody>\n<tr>\n<td>\n<div id=\"ds_div\">Verre \u00e0 liqueur ancien(fin 19eme),d\u00e9cor d\u00e9poli a glacis dor\u00e9,en tr\u00e8s bon \u00e9tat,hauteur:7.9cm,diam\u00e8tre du buvant:3.4cm,diam\u00e8tre du pied:4.1cm<\/div>\n<\/td>\n<\/tr>\n<\/tbody>\n<\/table>\n","protected":false},"featured_media":7411,"comment_status":"closed","ping_status":"closed","template":"","meta":{"_et_pb_use_builder":"","_et_pb_old_content":"","_et_gb_content_width":""},"product_cat":[14,11],"product_tag":[],"_links":{"self":[{"href":"https:\/\/marneantic.com\/index.php\/wp-json\/wp\/v2\/product\/7408"}],"collection":[{"href":"https:\/\/marneantic.com\/index.php\/wp-json\/wp\/v2\/product"}],"about":[{"href":"https:\/\/marneantic.com\/index.php\/wp-json\/wp\/v2\/types\/product"}],"replies":[{"embeddable":true,"href":"https:\/\/marneantic.com\/index.php\/wp-json\/wp\/v2\/comments?post=7408"}],"wp:featuredmedia":[{"embeddable":true,"href":"https:\/\/marneantic.com\/index.php\/wp-json\/wp\/v2\/media\/7411"}],"wp:attachment":[{"href":"https:\/\/marneantic.com\/index.php\/wp-json\/wp\/v2\/media?parent=7408"}],"wp:term":[{"taxonomy":"product_cat","embeddable":true,"href":"https:\/\/marneantic.com\/index.php\/wp-json\/wp\/v2\/product_cat?post=7408"},{"taxonomy":"product_tag","embeddable":true,"href":"https:\/\/marneantic.com\/index.php\/wp-json\/wp\/v2\/product_tag?post=7408"}],"curies":[{"name":"wp","href":"https:\/\/api.w.org\/{rel}","templated":true}]}}