{"id":743,"date":"2016-03-03T15:08:09","date_gmt":"2016-03-03T14:08:09","guid":{"rendered":"http:\/\/marneantic.com\/?post_type=product&#038;p=743"},"modified":"2016-03-03T15:08:09","modified_gmt":"2016-03-03T14:08:09","slug":"bonbonniere-porcelaine-de-limoges","status":"publish","type":"product","link":"https:\/\/marneantic.com\/index.php\/produit\/bonbonniere-porcelaine-de-limoges\/","title":{"rendered":"Bonbonni\u00e8re porcelaine de Limoges"},"content":{"rendered":"","protected":false},"excerpt":{"rendered":"<p>Bonbonni\u00e8re en porcelaine de Limoges,parfait \u00e9tat<\/p>\n","protected":false},"featured_media":744,"comment_status":"closed","ping_status":"closed","template":"","meta":{"_et_pb_use_builder":"","_et_pb_old_content":"","_et_gb_content_width":""},"product_cat":[14],"product_tag":[],"_links":{"self":[{"href":"https:\/\/marneantic.com\/index.php\/wp-json\/wp\/v2\/product\/743"}],"collection":[{"href":"https:\/\/marneantic.com\/index.php\/wp-json\/wp\/v2\/product"}],"about":[{"href":"https:\/\/marneantic.com\/index.php\/wp-json\/wp\/v2\/types\/product"}],"replies":[{"embeddable":true,"href":"https:\/\/marneantic.com\/index.php\/wp-json\/wp\/v2\/comments?post=743"}],"wp:featuredmedia":[{"embeddable":true,"href":"https:\/\/marneantic.com\/index.php\/wp-json\/wp\/v2\/media\/744"}],"wp:attachment":[{"href":"https:\/\/marneantic.com\/index.php\/wp-json\/wp\/v2\/media?parent=743"}],"wp:term":[{"taxonomy":"product_cat","embeddable":true,"href":"https:\/\/marneantic.com\/index.php\/wp-json\/wp\/v2\/product_cat?post=743"},{"taxonomy":"product_tag","embeddable":true,"href":"https:\/\/marneantic.com\/index.php\/wp-json\/wp\/v2\/product_tag?post=743"}],"curies":[{"name":"wp","href":"https:\/\/api.w.org\/{rel}","templated":true}]}}