{"id":751,"date":"2016-03-03T15:24:16","date_gmt":"2016-03-03T14:24:16","guid":{"rendered":"http:\/\/marneantic.com\/index.php\/produit\/dejeuner-ancien-porcelaine-debut-20eme\/"},"modified":"2016-10-17T16:20:12","modified_gmt":"2016-10-17T15:20:12","slug":"dejeuner-ancien-porcelaine-debut-20eme","status":"publish","type":"product","link":"https:\/\/marneantic.com\/index.php\/produit\/dejeuner-ancien-porcelaine-debut-20eme\/","title":{"rendered":"D\u00e9jeuner ancien porcelaine d\u00e9but 20eme"},"content":{"rendered":"","protected":false},"excerpt":{"rendered":"<p>D\u00e9jeuner ancien en porcelaine d\u00e9but 20eme,en tr\u00e8s bon \u00e9tat,tasse diametre:10.8cm,hauteur:8cm,soucoupe diametre:17cm<\/p>\n","protected":false},"featured_media":752,"comment_status":"closed","ping_status":"closed","template":"","meta":{"_et_pb_use_builder":"","_et_pb_old_content":"","_et_gb_content_width":""},"product_cat":[26,7],"product_tag":[],"_links":{"self":[{"href":"https:\/\/marneantic.com\/index.php\/wp-json\/wp\/v2\/product\/751"}],"collection":[{"href":"https:\/\/marneantic.com\/index.php\/wp-json\/wp\/v2\/product"}],"about":[{"href":"https:\/\/marneantic.com\/index.php\/wp-json\/wp\/v2\/types\/product"}],"replies":[{"embeddable":true,"href":"https:\/\/marneantic.com\/index.php\/wp-json\/wp\/v2\/comments?post=751"}],"wp:featuredmedia":[{"embeddable":true,"href":"https:\/\/marneantic.com\/index.php\/wp-json\/wp\/v2\/media\/752"}],"wp:attachment":[{"href":"https:\/\/marneantic.com\/index.php\/wp-json\/wp\/v2\/media?parent=751"}],"wp:term":[{"taxonomy":"product_cat","embeddable":true,"href":"https:\/\/marneantic.com\/index.php\/wp-json\/wp\/v2\/product_cat?post=751"},{"taxonomy":"product_tag","embeddable":true,"href":"https:\/\/marneantic.com\/index.php\/wp-json\/wp\/v2\/product_tag?post=751"}],"curies":[{"name":"wp","href":"https:\/\/api.w.org\/{rel}","templated":true}]}}