{"id":7567,"date":"2019-01-15T14:37:13","date_gmt":"2019-01-15T13:37:13","guid":{"rendered":"https:\/\/marneantic.com\/?post_type=product&#038;p=7567"},"modified":"2019-01-15T14:43:14","modified_gmt":"2019-01-15T13:43:14","slug":"flute-a-champagne-en-cristal-19eme-2","status":"publish","type":"product","link":"https:\/\/marneantic.com\/index.php\/produit\/flute-a-champagne-en-cristal-19eme-2\/","title":{"rendered":"Fl\u00fbte a champagne en cristal 19eme"},"content":{"rendered":"","protected":false},"excerpt":{"rendered":"<p>Fl\u00fbte a champagne en cristal 19eme,d\u00e9cor a pans coup\u00e9s,9 facettes,en tr\u00e8s bon \u00e9tat,hauteur:17cm,diam\u00e8tre du buvant:5.3cm,diam\u00e8tre du pied:6.7cm<\/p>\n","protected":false},"featured_media":7569,"comment_status":"closed","ping_status":"closed","template":"","meta":{"_et_pb_use_builder":"","_et_pb_old_content":"","_et_gb_content_width":""},"product_cat":[10,11],"product_tag":[],"_links":{"self":[{"href":"https:\/\/marneantic.com\/index.php\/wp-json\/wp\/v2\/product\/7567"}],"collection":[{"href":"https:\/\/marneantic.com\/index.php\/wp-json\/wp\/v2\/product"}],"about":[{"href":"https:\/\/marneantic.com\/index.php\/wp-json\/wp\/v2\/types\/product"}],"replies":[{"embeddable":true,"href":"https:\/\/marneantic.com\/index.php\/wp-json\/wp\/v2\/comments?post=7567"}],"wp:featuredmedia":[{"embeddable":true,"href":"https:\/\/marneantic.com\/index.php\/wp-json\/wp\/v2\/media\/7569"}],"wp:attachment":[{"href":"https:\/\/marneantic.com\/index.php\/wp-json\/wp\/v2\/media?parent=7567"}],"wp:term":[{"taxonomy":"product_cat","embeddable":true,"href":"https:\/\/marneantic.com\/index.php\/wp-json\/wp\/v2\/product_cat?post=7567"},{"taxonomy":"product_tag","embeddable":true,"href":"https:\/\/marneantic.com\/index.php\/wp-json\/wp\/v2\/product_tag?post=7567"}],"curies":[{"name":"wp","href":"https:\/\/api.w.org\/{rel}","templated":true}]}}