{"id":7570,"date":"2019-01-15T14:43:35","date_gmt":"2019-01-15T13:43:35","guid":{"rendered":"https:\/\/marneantic.com\/?post_type=product&#038;p=7570"},"modified":"2019-01-15T15:22:02","modified_gmt":"2019-01-15T14:22:02","slug":"flute-a-champagne-en-cristal-19eme-6","status":"publish","type":"product","link":"https:\/\/marneantic.com\/index.php\/produit\/flute-a-champagne-en-cristal-19eme-6\/","title":{"rendered":"Fl\u00fbte a champagne en cristal 19eme"},"content":{"rendered":"","protected":false},"excerpt":{"rendered":"<p>Fl\u00fbte a champagne en cristal 19eme,d\u00e9cor a pans coup\u00e9s,8 facettes,en tr\u00e8s bon \u00e9tat,hauteur:17.5cm,diam\u00e8tre du buvant:5.7cm,diam\u00e8tre du pied:6.8cm<\/p>\n","protected":false},"featured_media":7572,"comment_status":"closed","ping_status":"closed","template":"","meta":{"_et_pb_use_builder":"","_et_pb_old_content":"","_et_gb_content_width":""},"product_cat":[10,11],"product_tag":[],"_links":{"self":[{"href":"https:\/\/marneantic.com\/index.php\/wp-json\/wp\/v2\/product\/7570"}],"collection":[{"href":"https:\/\/marneantic.com\/index.php\/wp-json\/wp\/v2\/product"}],"about":[{"href":"https:\/\/marneantic.com\/index.php\/wp-json\/wp\/v2\/types\/product"}],"replies":[{"embeddable":true,"href":"https:\/\/marneantic.com\/index.php\/wp-json\/wp\/v2\/comments?post=7570"}],"wp:featuredmedia":[{"embeddable":true,"href":"https:\/\/marneantic.com\/index.php\/wp-json\/wp\/v2\/media\/7572"}],"wp:attachment":[{"href":"https:\/\/marneantic.com\/index.php\/wp-json\/wp\/v2\/media?parent=7570"}],"wp:term":[{"taxonomy":"product_cat","embeddable":true,"href":"https:\/\/marneantic.com\/index.php\/wp-json\/wp\/v2\/product_cat?post=7570"},{"taxonomy":"product_tag","embeddable":true,"href":"https:\/\/marneantic.com\/index.php\/wp-json\/wp\/v2\/product_tag?post=7570"}],"curies":[{"name":"wp","href":"https:\/\/api.w.org\/{rel}","templated":true}]}}