{"id":7578,"date":"2019-01-15T16:28:06","date_gmt":"2019-01-15T15:28:06","guid":{"rendered":"https:\/\/marneantic.com\/?post_type=product&#038;p=7578"},"modified":"2019-01-15T16:28:07","modified_gmt":"2019-01-15T15:28:07","slug":"pied-de-lampe-en-pate-de-verre","status":"publish","type":"product","link":"https:\/\/marneantic.com\/index.php\/produit\/pied-de-lampe-en-pate-de-verre\/","title":{"rendered":"Pied de lampe en p\u00e2te de verre"},"content":{"rendered":"","protected":false},"excerpt":{"rendered":"<p>Pied de lampe en p\u00e2te de verre,en tr\u00e8s bon \u00e9tat,hauteur:16cm diametre:15cm,diam\u00e8tre int\u00e9rieur de l&rsquo;ouverture:6.5cm,perc\u00e9 pour le passage de l\u2019\u00e9lectricit\u00e9 aucune marque apparente,origine inconnue<\/p>\n","protected":false},"featured_media":7582,"comment_status":"open","ping_status":"closed","template":"","meta":{"_et_pb_use_builder":"","_et_pb_old_content":"","_et_gb_content_width":""},"product_cat":[24],"product_tag":[],"_links":{"self":[{"href":"https:\/\/marneantic.com\/index.php\/wp-json\/wp\/v2\/product\/7578"}],"collection":[{"href":"https:\/\/marneantic.com\/index.php\/wp-json\/wp\/v2\/product"}],"about":[{"href":"https:\/\/marneantic.com\/index.php\/wp-json\/wp\/v2\/types\/product"}],"replies":[{"embeddable":true,"href":"https:\/\/marneantic.com\/index.php\/wp-json\/wp\/v2\/comments?post=7578"}],"wp:featuredmedia":[{"embeddable":true,"href":"https:\/\/marneantic.com\/index.php\/wp-json\/wp\/v2\/media\/7582"}],"wp:attachment":[{"href":"https:\/\/marneantic.com\/index.php\/wp-json\/wp\/v2\/media?parent=7578"}],"wp:term":[{"taxonomy":"product_cat","embeddable":true,"href":"https:\/\/marneantic.com\/index.php\/wp-json\/wp\/v2\/product_cat?post=7578"},{"taxonomy":"product_tag","embeddable":true,"href":"https:\/\/marneantic.com\/index.php\/wp-json\/wp\/v2\/product_tag?post=7578"}],"curies":[{"name":"wp","href":"https:\/\/api.w.org\/{rel}","templated":true}]}}