{"id":7610,"date":"2019-01-22T12:16:01","date_gmt":"2019-01-22T11:16:01","guid":{"rendered":"https:\/\/marneantic.com\/?post_type=product&#038;p=7610"},"modified":"2019-04-12T13:29:04","modified_gmt":"2019-04-12T12:29:04","slug":"microscope-ancienopticodecocuriosite","status":"publish","type":"product","link":"https:\/\/marneantic.com\/index.php\/produit\/microscope-ancienopticodecocuriosite\/","title":{"rendered":"Microscope ancien\u00a0\u00bbOPTICO\u00a0\u00bbd\u00e9co,curiosit\u00e9"},"content":{"rendered":"","protected":false},"excerpt":{"rendered":"<p>Microscope ancien de marque\u00a0\u00bbOPTICO\u00a0\u00bben bon \u00e9tat,bel objet de d\u00e9co et de curiosit\u00e9<\/p>\n","protected":false},"featured_media":7611,"comment_status":"open","ping_status":"closed","template":"","meta":{"_et_pb_use_builder":"","_et_pb_old_content":"","_et_gb_content_width":""},"product_cat":[14,8,16],"product_tag":[],"_links":{"self":[{"href":"https:\/\/marneantic.com\/index.php\/wp-json\/wp\/v2\/product\/7610"}],"collection":[{"href":"https:\/\/marneantic.com\/index.php\/wp-json\/wp\/v2\/product"}],"about":[{"href":"https:\/\/marneantic.com\/index.php\/wp-json\/wp\/v2\/types\/product"}],"replies":[{"embeddable":true,"href":"https:\/\/marneantic.com\/index.php\/wp-json\/wp\/v2\/comments?post=7610"}],"wp:featuredmedia":[{"embeddable":true,"href":"https:\/\/marneantic.com\/index.php\/wp-json\/wp\/v2\/media\/7611"}],"wp:attachment":[{"href":"https:\/\/marneantic.com\/index.php\/wp-json\/wp\/v2\/media?parent=7610"}],"wp:term":[{"taxonomy":"product_cat","embeddable":true,"href":"https:\/\/marneantic.com\/index.php\/wp-json\/wp\/v2\/product_cat?post=7610"},{"taxonomy":"product_tag","embeddable":true,"href":"https:\/\/marneantic.com\/index.php\/wp-json\/wp\/v2\/product_tag?post=7610"}],"curies":[{"name":"wp","href":"https:\/\/api.w.org\/{rel}","templated":true}]}}