{"id":7620,"date":"2019-01-22T13:42:31","date_gmt":"2019-01-22T12:42:31","guid":{"rendered":"https:\/\/marneantic.com\/?post_type=product&#038;p=7620"},"modified":"2019-01-22T13:48:39","modified_gmt":"2019-01-22T12:48:39","slug":"moutardier-ancien-en-cristal","status":"publish","type":"product","link":"https:\/\/marneantic.com\/index.php\/produit\/moutardier-ancien-en-cristal\/","title":{"rendered":"Moutardier ancien en cristal"},"content":{"rendered":"","protected":false},"excerpt":{"rendered":"<p>Moutardier ancien en cristal avec cuill\u00e8re cristal \u00e9galement,en parfait \u00e9tat,hauteur:10.5cm,diametre:8.5cm<\/p>\n","protected":false},"featured_media":7622,"comment_status":"closed","ping_status":"closed","template":"","meta":{"_et_pb_use_builder":"","_et_pb_old_content":"","_et_gb_content_width":""},"product_cat":[13,10,11],"product_tag":[],"_links":{"self":[{"href":"https:\/\/marneantic.com\/index.php\/wp-json\/wp\/v2\/product\/7620"}],"collection":[{"href":"https:\/\/marneantic.com\/index.php\/wp-json\/wp\/v2\/product"}],"about":[{"href":"https:\/\/marneantic.com\/index.php\/wp-json\/wp\/v2\/types\/product"}],"replies":[{"embeddable":true,"href":"https:\/\/marneantic.com\/index.php\/wp-json\/wp\/v2\/comments?post=7620"}],"wp:featuredmedia":[{"embeddable":true,"href":"https:\/\/marneantic.com\/index.php\/wp-json\/wp\/v2\/media\/7622"}],"wp:attachment":[{"href":"https:\/\/marneantic.com\/index.php\/wp-json\/wp\/v2\/media?parent=7620"}],"wp:term":[{"taxonomy":"product_cat","embeddable":true,"href":"https:\/\/marneantic.com\/index.php\/wp-json\/wp\/v2\/product_cat?post=7620"},{"taxonomy":"product_tag","embeddable":true,"href":"https:\/\/marneantic.com\/index.php\/wp-json\/wp\/v2\/product_tag?post=7620"}],"curies":[{"name":"wp","href":"https:\/\/api.w.org\/{rel}","templated":true}]}}