{"id":7628,"date":"2019-01-22T14:38:18","date_gmt":"2019-01-22T13:38:18","guid":{"rendered":"https:\/\/marneantic.com\/?post_type=product&#038;p=7628"},"modified":"2019-01-22T14:58:19","modified_gmt":"2019-01-22T13:58:19","slug":"coupe-a-champagne-anciennedecor-a-lagrecque","status":"publish","type":"product","link":"https:\/\/marneantic.com\/index.php\/produit\/coupe-a-champagne-anciennedecor-a-lagrecque\/","title":{"rendered":"Coupe a champagne ancienne,d\u00e9cor a la\u00a0\u00bbgrecque\u00a0\u00bb"},"content":{"rendered":"","protected":false},"excerpt":{"rendered":"<p>Coupe a champagne ancienne,d\u00e9cor a la\u00a0\u00bbgrecque\u00a0\u00bb,d\u00e9but 20eme,en tr\u00e8s bon \u00e9tat,hauteur:10.5cm,diam\u00e8tre du buvant:9.5cm,diam\u00e8tre du pied:7.2cm<\/p>\n","protected":false},"featured_media":7630,"comment_status":"closed","ping_status":"closed","template":"","meta":{"_et_pb_use_builder":"","_et_pb_old_content":"","_et_gb_content_width":""},"product_cat":[10,11],"product_tag":[],"_links":{"self":[{"href":"https:\/\/marneantic.com\/index.php\/wp-json\/wp\/v2\/product\/7628"}],"collection":[{"href":"https:\/\/marneantic.com\/index.php\/wp-json\/wp\/v2\/product"}],"about":[{"href":"https:\/\/marneantic.com\/index.php\/wp-json\/wp\/v2\/types\/product"}],"replies":[{"embeddable":true,"href":"https:\/\/marneantic.com\/index.php\/wp-json\/wp\/v2\/comments?post=7628"}],"wp:featuredmedia":[{"embeddable":true,"href":"https:\/\/marneantic.com\/index.php\/wp-json\/wp\/v2\/media\/7630"}],"wp:attachment":[{"href":"https:\/\/marneantic.com\/index.php\/wp-json\/wp\/v2\/media?parent=7628"}],"wp:term":[{"taxonomy":"product_cat","embeddable":true,"href":"https:\/\/marneantic.com\/index.php\/wp-json\/wp\/v2\/product_cat?post=7628"},{"taxonomy":"product_tag","embeddable":true,"href":"https:\/\/marneantic.com\/index.php\/wp-json\/wp\/v2\/product_tag?post=7628"}],"curies":[{"name":"wp","href":"https:\/\/api.w.org\/{rel}","templated":true}]}}