{"id":7635,"date":"2019-01-22T15:05:02","date_gmt":"2019-01-22T14:05:02","guid":{"rendered":"https:\/\/marneantic.com\/?post_type=product&#038;p=7635"},"modified":"2019-01-22T15:10:04","modified_gmt":"2019-01-22T14:10:04","slug":"grand-verre-de-table-ancien-ciseledecor-a-lagrecque","status":"publish","type":"product","link":"https:\/\/marneantic.com\/index.php\/produit\/grand-verre-de-table-ancien-ciseledecor-a-lagrecque\/","title":{"rendered":"Grand verre de table ancien cisel\u00e9,d\u00e9cor a la\u00a0\u00bbgrecque\u00a0\u00bb"},"content":{"rendered":"","protected":false},"excerpt":{"rendered":"<p>grand verre de table ancien cisel\u00e9,d\u00e9cor a la\u00a0\u00bbgrecque\u00a0\u00bbpied goutte d&rsquo;eau(d\u00e9but 20eme)en tr\u00e8s bon \u00e9tat,hauteur:15.8cm,diam\u00e8tre du buvant:7.6cm,diam\u00e8tre du pied:7.9cm<\/p>\n","protected":false},"featured_media":7638,"comment_status":"closed","ping_status":"closed","template":"","meta":{"_et_pb_use_builder":"","_et_pb_old_content":"","_et_gb_content_width":""},"product_cat":[10,11],"product_tag":[],"_links":{"self":[{"href":"https:\/\/marneantic.com\/index.php\/wp-json\/wp\/v2\/product\/7635"}],"collection":[{"href":"https:\/\/marneantic.com\/index.php\/wp-json\/wp\/v2\/product"}],"about":[{"href":"https:\/\/marneantic.com\/index.php\/wp-json\/wp\/v2\/types\/product"}],"replies":[{"embeddable":true,"href":"https:\/\/marneantic.com\/index.php\/wp-json\/wp\/v2\/comments?post=7635"}],"wp:featuredmedia":[{"embeddable":true,"href":"https:\/\/marneantic.com\/index.php\/wp-json\/wp\/v2\/media\/7638"}],"wp:attachment":[{"href":"https:\/\/marneantic.com\/index.php\/wp-json\/wp\/v2\/media?parent=7635"}],"wp:term":[{"taxonomy":"product_cat","embeddable":true,"href":"https:\/\/marneantic.com\/index.php\/wp-json\/wp\/v2\/product_cat?post=7635"},{"taxonomy":"product_tag","embeddable":true,"href":"https:\/\/marneantic.com\/index.php\/wp-json\/wp\/v2\/product_tag?post=7635"}],"curies":[{"name":"wp","href":"https:\/\/api.w.org\/{rel}","templated":true}]}}