{"id":7639,"date":"2019-01-23T11:26:44","date_gmt":"2019-01-23T10:26:44","guid":{"rendered":"https:\/\/marneantic.com\/?post_type=product&#038;p=7639"},"modified":"2019-01-23T11:33:39","modified_gmt":"2019-01-23T10:33:39","slug":"saliere-double-ancienne-en-opaline-forme-poulevallerysthal","status":"publish","type":"product","link":"https:\/\/marneantic.com\/index.php\/produit\/saliere-double-ancienne-en-opaline-forme-poulevallerysthal\/","title":{"rendered":"Sali\u00e8re double ancienne en opaline forme poule,VALLERYSTHAL"},"content":{"rendered":"","protected":false},"excerpt":{"rendered":"<p>Sali\u00e8re double ancienne en opaline forme poule,VALLERYSTHAL,en tr\u00e8s bon \u00e9tat,longueur:15.5cm,largeur:4.5cm,hauteur:7cm<\/p>\n","protected":false},"featured_media":7641,"comment_status":"closed","ping_status":"closed","template":"","meta":{"_et_pb_use_builder":"","_et_pb_old_content":"","_et_gb_content_width":""},"product_cat":[13,10],"product_tag":[],"_links":{"self":[{"href":"https:\/\/marneantic.com\/index.php\/wp-json\/wp\/v2\/product\/7639"}],"collection":[{"href":"https:\/\/marneantic.com\/index.php\/wp-json\/wp\/v2\/product"}],"about":[{"href":"https:\/\/marneantic.com\/index.php\/wp-json\/wp\/v2\/types\/product"}],"replies":[{"embeddable":true,"href":"https:\/\/marneantic.com\/index.php\/wp-json\/wp\/v2\/comments?post=7639"}],"wp:featuredmedia":[{"embeddable":true,"href":"https:\/\/marneantic.com\/index.php\/wp-json\/wp\/v2\/media\/7641"}],"wp:attachment":[{"href":"https:\/\/marneantic.com\/index.php\/wp-json\/wp\/v2\/media?parent=7639"}],"wp:term":[{"taxonomy":"product_cat","embeddable":true,"href":"https:\/\/marneantic.com\/index.php\/wp-json\/wp\/v2\/product_cat?post=7639"},{"taxonomy":"product_tag","embeddable":true,"href":"https:\/\/marneantic.com\/index.php\/wp-json\/wp\/v2\/product_tag?post=7639"}],"curies":[{"name":"wp","href":"https:\/\/api.w.org\/{rel}","templated":true}]}}