{"id":7671,"date":"2019-01-29T14:29:41","date_gmt":"2019-01-29T13:29:41","guid":{"rendered":"https:\/\/marneantic.com\/?post_type=product&#038;p=7671"},"modified":"2023-02-04T10:21:21","modified_gmt":"2023-02-04T09:21:21","slug":"petit-vase-soliflore-double-vintage-annees-60","status":"publish","type":"product","link":"https:\/\/marneantic.com\/index.php\/produit\/petit-vase-soliflore-double-vintage-annees-60\/","title":{"rendered":"Petit vase soliflore double vintage ann\u00e9es 60&prime;"},"content":{"rendered":"","protected":false},"excerpt":{"rendered":"<p>Petit vase soliflore double vintage ann\u00e9es 60&prime; en fa\u00efence,en parfait \u00e9tat,hauteur:10cm,largeur:7.5cm,profondeur:3.8cm<\/p>\n","protected":false},"featured_media":7673,"comment_status":"open","ping_status":"closed","template":"","meta":{"_et_pb_use_builder":"","_et_pb_old_content":"","_et_gb_content_width":""},"product_cat":[14,8,16],"product_tag":[],"_links":{"self":[{"href":"https:\/\/marneantic.com\/index.php\/wp-json\/wp\/v2\/product\/7671"}],"collection":[{"href":"https:\/\/marneantic.com\/index.php\/wp-json\/wp\/v2\/product"}],"about":[{"href":"https:\/\/marneantic.com\/index.php\/wp-json\/wp\/v2\/types\/product"}],"replies":[{"embeddable":true,"href":"https:\/\/marneantic.com\/index.php\/wp-json\/wp\/v2\/comments?post=7671"}],"wp:featuredmedia":[{"embeddable":true,"href":"https:\/\/marneantic.com\/index.php\/wp-json\/wp\/v2\/media\/7673"}],"wp:attachment":[{"href":"https:\/\/marneantic.com\/index.php\/wp-json\/wp\/v2\/media?parent=7671"}],"wp:term":[{"taxonomy":"product_cat","embeddable":true,"href":"https:\/\/marneantic.com\/index.php\/wp-json\/wp\/v2\/product_cat?post=7671"},{"taxonomy":"product_tag","embeddable":true,"href":"https:\/\/marneantic.com\/index.php\/wp-json\/wp\/v2\/product_tag?post=7671"}],"curies":[{"name":"wp","href":"https:\/\/api.w.org\/{rel}","templated":true}]}}