{"id":7885,"date":"2019-02-12T15:37:27","date_gmt":"2019-02-12T14:37:27","guid":{"rendered":"https:\/\/marneantic.com\/?post_type=product&#038;p=7885"},"modified":"2019-02-12T15:43:11","modified_gmt":"2019-02-12T14:43:11","slug":"sucrier-ancien-en-porcelaine-de-limoges-6","status":"publish","type":"product","link":"https:\/\/marneantic.com\/index.php\/produit\/sucrier-ancien-en-porcelaine-de-limoges-6\/","title":{"rendered":"Sucrier ancien en porcelaine de Limoges"},"content":{"rendered":"","protected":false},"excerpt":{"rendered":"<p>sucrier ancien en porcelaine de Limoges manufacture U.C vers 1960,en tr\u00e8s bon \u00e9tat,hauteur totale:14cm,diametre:13cm hors poign\u00e9es<\/p>\n","protected":false},"featured_media":7889,"comment_status":"open","ping_status":"closed","template":"","meta":{"_et_pb_use_builder":"","_et_pb_old_content":"","_et_gb_content_width":""},"product_cat":[26,7],"product_tag":[],"_links":{"self":[{"href":"https:\/\/marneantic.com\/index.php\/wp-json\/wp\/v2\/product\/7885"}],"collection":[{"href":"https:\/\/marneantic.com\/index.php\/wp-json\/wp\/v2\/product"}],"about":[{"href":"https:\/\/marneantic.com\/index.php\/wp-json\/wp\/v2\/types\/product"}],"replies":[{"embeddable":true,"href":"https:\/\/marneantic.com\/index.php\/wp-json\/wp\/v2\/comments?post=7885"}],"wp:featuredmedia":[{"embeddable":true,"href":"https:\/\/marneantic.com\/index.php\/wp-json\/wp\/v2\/media\/7889"}],"wp:attachment":[{"href":"https:\/\/marneantic.com\/index.php\/wp-json\/wp\/v2\/media?parent=7885"}],"wp:term":[{"taxonomy":"product_cat","embeddable":true,"href":"https:\/\/marneantic.com\/index.php\/wp-json\/wp\/v2\/product_cat?post=7885"},{"taxonomy":"product_tag","embeddable":true,"href":"https:\/\/marneantic.com\/index.php\/wp-json\/wp\/v2\/product_tag?post=7885"}],"curies":[{"name":"wp","href":"https:\/\/api.w.org\/{rel}","templated":true}]}}