{"id":7985,"date":"2019-02-21T13:03:23","date_gmt":"2019-02-21T12:03:23","guid":{"rendered":"https:\/\/marneantic.com\/?post_type=product&#038;p=7985"},"modified":"2019-02-21T13:10:05","modified_gmt":"2019-02-21T12:10:05","slug":"tasse-a-cafe-en-porcelaine-de-limogesmodele-odakyu","status":"publish","type":"product","link":"https:\/\/marneantic.com\/index.php\/produit\/tasse-a-cafe-en-porcelaine-de-limogesmodele-odakyu\/","title":{"rendered":"Tasse a caf\u00e9 en porcelaine de Limoges,mod\u00e8le ODAKYU"},"content":{"rendered":"","protected":false},"excerpt":{"rendered":"<p>Tasse a caf\u00e9 contemporaine en porcelaine de Limoges,manufacture JPM LECLAIR,mod\u00e8le ODAKYU peint main,en bon \u00e9tat,tasse hauteur:6.5cm,diametre:5.8cm,diam\u00e8tre soucoupe:12.5cm<\/p>\n","protected":false},"featured_media":7988,"comment_status":"closed","ping_status":"closed","template":"","meta":{"_et_pb_use_builder":"","_et_pb_old_content":"","_et_gb_content_width":""},"product_cat":[26,7],"product_tag":[],"_links":{"self":[{"href":"https:\/\/marneantic.com\/index.php\/wp-json\/wp\/v2\/product\/7985"}],"collection":[{"href":"https:\/\/marneantic.com\/index.php\/wp-json\/wp\/v2\/product"}],"about":[{"href":"https:\/\/marneantic.com\/index.php\/wp-json\/wp\/v2\/types\/product"}],"replies":[{"embeddable":true,"href":"https:\/\/marneantic.com\/index.php\/wp-json\/wp\/v2\/comments?post=7985"}],"wp:featuredmedia":[{"embeddable":true,"href":"https:\/\/marneantic.com\/index.php\/wp-json\/wp\/v2\/media\/7988"}],"wp:attachment":[{"href":"https:\/\/marneantic.com\/index.php\/wp-json\/wp\/v2\/media?parent=7985"}],"wp:term":[{"taxonomy":"product_cat","embeddable":true,"href":"https:\/\/marneantic.com\/index.php\/wp-json\/wp\/v2\/product_cat?post=7985"},{"taxonomy":"product_tag","embeddable":true,"href":"https:\/\/marneantic.com\/index.php\/wp-json\/wp\/v2\/product_tag?post=7985"}],"curies":[{"name":"wp","href":"https:\/\/api.w.org\/{rel}","templated":true}]}}