{"id":8032,"date":"2019-03-01T13:25:51","date_gmt":"2019-03-01T12:25:51","guid":{"rendered":"https:\/\/marneantic.com\/?post_type=product&#038;p=8032"},"modified":"2019-03-01T13:33:08","modified_gmt":"2019-03-01T12:33:08","slug":"carafe-a-liqueur-ancienne-en-cristal-couleur-ambredecor-de-chasse","status":"publish","type":"product","link":"https:\/\/marneantic.com\/index.php\/produit\/carafe-a-liqueur-ancienne-en-cristal-couleur-ambredecor-de-chasse\/","title":{"rendered":"Carafe a liqueur ancienne en cristal couleur ambre,d\u00e9cor de chasse"},"content":{"rendered":"","protected":false},"excerpt":{"rendered":"<p>Carafe a liqueur ancienne en cristal couleur ambre,d\u00e9cor de chasse(cerf et paysage),en tr\u00e8s bon \u00e9tat,compl\u00e8te avec bouchon d&rsquo;origine,hauteur totale:25cm,diametre:12cm<\/p>\n","protected":false},"featured_media":8037,"comment_status":"closed","ping_status":"closed","template":"","meta":{"_et_pb_use_builder":"","_et_pb_old_content":"","_et_gb_content_width":""},"product_cat":[10,11],"product_tag":[],"_links":{"self":[{"href":"https:\/\/marneantic.com\/index.php\/wp-json\/wp\/v2\/product\/8032"}],"collection":[{"href":"https:\/\/marneantic.com\/index.php\/wp-json\/wp\/v2\/product"}],"about":[{"href":"https:\/\/marneantic.com\/index.php\/wp-json\/wp\/v2\/types\/product"}],"replies":[{"embeddable":true,"href":"https:\/\/marneantic.com\/index.php\/wp-json\/wp\/v2\/comments?post=8032"}],"wp:featuredmedia":[{"embeddable":true,"href":"https:\/\/marneantic.com\/index.php\/wp-json\/wp\/v2\/media\/8037"}],"wp:attachment":[{"href":"https:\/\/marneantic.com\/index.php\/wp-json\/wp\/v2\/media?parent=8032"}],"wp:term":[{"taxonomy":"product_cat","embeddable":true,"href":"https:\/\/marneantic.com\/index.php\/wp-json\/wp\/v2\/product_cat?post=8032"},{"taxonomy":"product_tag","embeddable":true,"href":"https:\/\/marneantic.com\/index.php\/wp-json\/wp\/v2\/product_tag?post=8032"}],"curies":[{"name":"wp","href":"https:\/\/api.w.org\/{rel}","templated":true}]}}