{"id":8050,"date":"2019-03-04T10:46:46","date_gmt":"2019-03-04T09:46:46","guid":{"rendered":"https:\/\/marneantic.com\/?post_type=product&#038;p=8050"},"modified":"2019-04-29T11:03:50","modified_gmt":"2019-04-29T10:03:50","slug":"coquetier-ancien-vintage-en-porcelaine-de-limoges","status":"publish","type":"product","link":"https:\/\/marneantic.com\/index.php\/produit\/coquetier-ancien-vintage-en-porcelaine-de-limoges\/","title":{"rendered":"Coquetier ancien vintage en porcelaine de Limoges"},"content":{"rendered":"","protected":false},"excerpt":{"rendered":"<p>Coquetier ancien vintage,ann\u00e9es 70&prime; en porcelaine de Limoges,forme cubique,en tr\u00e8s bon \u00e9tat,dimensions:5.3&#215;5.3cm<\/p>\n","protected":false},"featured_media":8054,"comment_status":"closed","ping_status":"closed","template":"","meta":{"_et_pb_use_builder":"","_et_pb_old_content":"","_et_gb_content_width":""},"product_cat":[13,10,28,7],"product_tag":[],"_links":{"self":[{"href":"https:\/\/marneantic.com\/index.php\/wp-json\/wp\/v2\/product\/8050"}],"collection":[{"href":"https:\/\/marneantic.com\/index.php\/wp-json\/wp\/v2\/product"}],"about":[{"href":"https:\/\/marneantic.com\/index.php\/wp-json\/wp\/v2\/types\/product"}],"replies":[{"embeddable":true,"href":"https:\/\/marneantic.com\/index.php\/wp-json\/wp\/v2\/comments?post=8050"}],"wp:featuredmedia":[{"embeddable":true,"href":"https:\/\/marneantic.com\/index.php\/wp-json\/wp\/v2\/media\/8054"}],"wp:attachment":[{"href":"https:\/\/marneantic.com\/index.php\/wp-json\/wp\/v2\/media?parent=8050"}],"wp:term":[{"taxonomy":"product_cat","embeddable":true,"href":"https:\/\/marneantic.com\/index.php\/wp-json\/wp\/v2\/product_cat?post=8050"},{"taxonomy":"product_tag","embeddable":true,"href":"https:\/\/marneantic.com\/index.php\/wp-json\/wp\/v2\/product_tag?post=8050"}],"curies":[{"name":"wp","href":"https:\/\/api.w.org\/{rel}","templated":true}]}}