{"id":8098,"date":"2019-03-09T14:49:03","date_gmt":"2019-03-09T13:49:03","guid":{"rendered":"https:\/\/marneantic.com\/?post_type=product&#038;p=8098"},"modified":"2019-03-09T14:57:17","modified_gmt":"2019-03-09T13:57:17","slug":"tasse-a-the-ancienne-en-faience-de-badonviller-modele-chinois","status":"publish","type":"product","link":"https:\/\/marneantic.com\/index.php\/produit\/tasse-a-the-ancienne-en-faience-de-badonviller-modele-chinois\/","title":{"rendered":"Tasse a th\u00e9 ancienne en fa\u00efence de Badonviller modele \u00ab\u00a0chinois\u00a0\u00bb"},"content":{"rendered":"","protected":false},"excerpt":{"rendered":"<p>Tasse a th\u00e9 ancienne(fin 19eme) en fa\u00efence de Badonviller mod\u00e8le \u00ab\u00a0chinois\u00a0\u00bb,en bon \u00e9tat,tasse hauteur:5.5cm,diametre:8cm,diam\u00e8tre soucoupe:13cm<\/p>\n","protected":false},"featured_media":8101,"comment_status":"closed","ping_status":"closed","template":"","meta":{"_et_pb_use_builder":"","_et_pb_old_content":"","_et_gb_content_width":""},"product_cat":[26,7],"product_tag":[],"_links":{"self":[{"href":"https:\/\/marneantic.com\/index.php\/wp-json\/wp\/v2\/product\/8098"}],"collection":[{"href":"https:\/\/marneantic.com\/index.php\/wp-json\/wp\/v2\/product"}],"about":[{"href":"https:\/\/marneantic.com\/index.php\/wp-json\/wp\/v2\/types\/product"}],"replies":[{"embeddable":true,"href":"https:\/\/marneantic.com\/index.php\/wp-json\/wp\/v2\/comments?post=8098"}],"wp:featuredmedia":[{"embeddable":true,"href":"https:\/\/marneantic.com\/index.php\/wp-json\/wp\/v2\/media\/8101"}],"wp:attachment":[{"href":"https:\/\/marneantic.com\/index.php\/wp-json\/wp\/v2\/media?parent=8098"}],"wp:term":[{"taxonomy":"product_cat","embeddable":true,"href":"https:\/\/marneantic.com\/index.php\/wp-json\/wp\/v2\/product_cat?post=8098"},{"taxonomy":"product_tag","embeddable":true,"href":"https:\/\/marneantic.com\/index.php\/wp-json\/wp\/v2\/product_tag?post=8098"}],"curies":[{"name":"wp","href":"https:\/\/api.w.org\/{rel}","templated":true}]}}