{"id":8323,"date":"2019-04-03T10:34:46","date_gmt":"2019-04-03T09:34:46","guid":{"rendered":"https:\/\/marneantic.com\/?post_type=product&#038;p=8323"},"modified":"2019-05-03T15:09:55","modified_gmt":"2019-05-03T14:09:55","slug":"service-de-fumeur-ancien-en-faience-emaillee","status":"publish","type":"product","link":"https:\/\/marneantic.com\/index.php\/produit\/service-de-fumeur-ancien-en-faience-emaillee\/","title":{"rendered":"Service de fumeur ancien en fa\u00efence \u00e9maill\u00e9e"},"content":{"rendered":"","protected":false},"excerpt":{"rendered":"<p>Service de fumeur ancien en fa\u00efence \u00e9maill\u00e9e,5 pi\u00e8ces,fin 19eme en tr\u00e8s bon \u00e9tat,aucun \u00e9clat,dimensions du plateau,longueur:29.5cm,largeur:24cm,hauteur:2.5cm,pour rep\u00e8re dimensions du plus grand pot,hauteur:9.5cm,diam\u00e8tre:9.3cm<\/p>\n","protected":false},"featured_media":8328,"comment_status":"open","ping_status":"closed","template":"","meta":{"_et_pb_use_builder":"","_et_pb_old_content":"","_et_gb_content_width":""},"product_cat":[14,8],"product_tag":[],"_links":{"self":[{"href":"https:\/\/marneantic.com\/index.php\/wp-json\/wp\/v2\/product\/8323"}],"collection":[{"href":"https:\/\/marneantic.com\/index.php\/wp-json\/wp\/v2\/product"}],"about":[{"href":"https:\/\/marneantic.com\/index.php\/wp-json\/wp\/v2\/types\/product"}],"replies":[{"embeddable":true,"href":"https:\/\/marneantic.com\/index.php\/wp-json\/wp\/v2\/comments?post=8323"}],"wp:featuredmedia":[{"embeddable":true,"href":"https:\/\/marneantic.com\/index.php\/wp-json\/wp\/v2\/media\/8328"}],"wp:attachment":[{"href":"https:\/\/marneantic.com\/index.php\/wp-json\/wp\/v2\/media?parent=8323"}],"wp:term":[{"taxonomy":"product_cat","embeddable":true,"href":"https:\/\/marneantic.com\/index.php\/wp-json\/wp\/v2\/product_cat?post=8323"},{"taxonomy":"product_tag","embeddable":true,"href":"https:\/\/marneantic.com\/index.php\/wp-json\/wp\/v2\/product_tag?post=8323"}],"curies":[{"name":"wp","href":"https:\/\/api.w.org\/{rel}","templated":true}]}}