{"id":8370,"date":"2019-04-05T14:32:09","date_gmt":"2019-04-05T13:32:09","guid":{"rendered":"https:\/\/marneantic.com\/?post_type=product&#038;p=8370"},"modified":"2019-08-07T07:19:32","modified_gmt":"2019-08-07T06:19:32","slug":"12-cuilleres-a-moka-art-deco-anciennes-en-metal-dore-en-ecrin","status":"publish","type":"product","link":"https:\/\/marneantic.com\/index.php\/produit\/12-cuilleres-a-moka-art-deco-anciennes-en-metal-dore-en-ecrin\/","title":{"rendered":"12 cuill\u00e8res a moka art-d\u00e9co anciennes en m\u00e9tal dor\u00e9 en \u00e9crin"},"content":{"rendered":"","protected":false},"excerpt":{"rendered":"<p>12 cuill\u00e8res a moka art-d\u00e9co anciennes en m\u00e9tal dor\u00e9 en \u00e9crin,poin\u00e7onn\u00e9es,orf\u00e8vrerie ARTALUX,en tr\u00e8s bon \u00e9tat,longueur:11.3cm,\u00e9crin en bon \u00e9tat<\/p>\n","protected":false},"featured_media":8374,"comment_status":"closed","ping_status":"closed","template":"","meta":{"_et_pb_use_builder":"","_et_pb_old_content":"","_et_gb_content_width":""},"product_cat":[12,10,44,29],"product_tag":[],"_links":{"self":[{"href":"https:\/\/marneantic.com\/index.php\/wp-json\/wp\/v2\/product\/8370"}],"collection":[{"href":"https:\/\/marneantic.com\/index.php\/wp-json\/wp\/v2\/product"}],"about":[{"href":"https:\/\/marneantic.com\/index.php\/wp-json\/wp\/v2\/types\/product"}],"replies":[{"embeddable":true,"href":"https:\/\/marneantic.com\/index.php\/wp-json\/wp\/v2\/comments?post=8370"}],"wp:featuredmedia":[{"embeddable":true,"href":"https:\/\/marneantic.com\/index.php\/wp-json\/wp\/v2\/media\/8374"}],"wp:attachment":[{"href":"https:\/\/marneantic.com\/index.php\/wp-json\/wp\/v2\/media?parent=8370"}],"wp:term":[{"taxonomy":"product_cat","embeddable":true,"href":"https:\/\/marneantic.com\/index.php\/wp-json\/wp\/v2\/product_cat?post=8370"},{"taxonomy":"product_tag","embeddable":true,"href":"https:\/\/marneantic.com\/index.php\/wp-json\/wp\/v2\/product_tag?post=8370"}],"curies":[{"name":"wp","href":"https:\/\/api.w.org\/{rel}","templated":true}]}}