{"id":8463,"date":"2019-04-11T12:52:30","date_gmt":"2019-04-11T11:52:30","guid":{"rendered":"https:\/\/marneantic.com\/?post_type=product&#038;p=8463"},"modified":"2019-04-11T12:58:29","modified_gmt":"2019-04-11T11:58:29","slug":"pichet-a-lait-ancien-en-porcelaine-de-limogesdecor-barbeau","status":"publish","type":"product","link":"https:\/\/marneantic.com\/index.php\/produit\/pichet-a-lait-ancien-en-porcelaine-de-limogesdecor-barbeau\/","title":{"rendered":"Pichet a lait ancien en porcelaine de Limoges,d\u00e9cor barbeau"},"content":{"rendered":"","protected":false},"excerpt":{"rendered":"<p>pichet a lait ancien en porcelaine de Limoges pour le magasin\u00a0\u00bbaux lions de fa\u00efence Paris\u00a0\u00bbd\u00e9cor barbeau,en tr\u00e8s bon \u00e9tat,hauteur:12.5cm,diametre:10cm hors poign\u00e9e et bec<\/p>\n","protected":false},"featured_media":8465,"comment_status":"open","ping_status":"closed","template":"","meta":{"_et_pb_use_builder":"","_et_pb_old_content":"","_et_gb_content_width":""},"product_cat":[26,7],"product_tag":[],"_links":{"self":[{"href":"https:\/\/marneantic.com\/index.php\/wp-json\/wp\/v2\/product\/8463"}],"collection":[{"href":"https:\/\/marneantic.com\/index.php\/wp-json\/wp\/v2\/product"}],"about":[{"href":"https:\/\/marneantic.com\/index.php\/wp-json\/wp\/v2\/types\/product"}],"replies":[{"embeddable":true,"href":"https:\/\/marneantic.com\/index.php\/wp-json\/wp\/v2\/comments?post=8463"}],"wp:featuredmedia":[{"embeddable":true,"href":"https:\/\/marneantic.com\/index.php\/wp-json\/wp\/v2\/media\/8465"}],"wp:attachment":[{"href":"https:\/\/marneantic.com\/index.php\/wp-json\/wp\/v2\/media?parent=8463"}],"wp:term":[{"taxonomy":"product_cat","embeddable":true,"href":"https:\/\/marneantic.com\/index.php\/wp-json\/wp\/v2\/product_cat?post=8463"},{"taxonomy":"product_tag","embeddable":true,"href":"https:\/\/marneantic.com\/index.php\/wp-json\/wp\/v2\/product_tag?post=8463"}],"curies":[{"name":"wp","href":"https:\/\/api.w.org\/{rel}","templated":true}]}}