{"id":8466,"date":"2019-04-11T13:09:45","date_gmt":"2019-04-11T12:09:45","guid":{"rendered":"https:\/\/marneantic.com\/?post_type=product&#038;p=8466"},"modified":"2019-04-11T13:15:56","modified_gmt":"2019-04-11T12:15:56","slug":"sauciere-ancienne-en-faience-de-choisy-le-roimodele-balzac","status":"publish","type":"product","link":"https:\/\/marneantic.com\/index.php\/produit\/sauciere-ancienne-en-faience-de-choisy-le-roimodele-balzac\/","title":{"rendered":"Sauci\u00e8re ancienne en fa\u00efence de Choisy le roi,mod\u00e8le Balzac"},"content":{"rendered":"","protected":false},"excerpt":{"rendered":"<p>Sauci\u00e8re ancienne en fa\u00efence de Choisy le roi,d\u00e9cor mod\u00e8le Balzac,en tr\u00e8s bon \u00e9tat,longueur:26cm,largeur:16cm,hauteur:11cm<\/p>\n","protected":false},"featured_media":8470,"comment_status":"open","ping_status":"closed","template":"","meta":{"_et_pb_use_builder":"","_et_pb_old_content":"","_et_gb_content_width":""},"product_cat":[13,10,28,7],"product_tag":[],"_links":{"self":[{"href":"https:\/\/marneantic.com\/index.php\/wp-json\/wp\/v2\/product\/8466"}],"collection":[{"href":"https:\/\/marneantic.com\/index.php\/wp-json\/wp\/v2\/product"}],"about":[{"href":"https:\/\/marneantic.com\/index.php\/wp-json\/wp\/v2\/types\/product"}],"replies":[{"embeddable":true,"href":"https:\/\/marneantic.com\/index.php\/wp-json\/wp\/v2\/comments?post=8466"}],"wp:featuredmedia":[{"embeddable":true,"href":"https:\/\/marneantic.com\/index.php\/wp-json\/wp\/v2\/media\/8470"}],"wp:attachment":[{"href":"https:\/\/marneantic.com\/index.php\/wp-json\/wp\/v2\/media?parent=8466"}],"wp:term":[{"taxonomy":"product_cat","embeddable":true,"href":"https:\/\/marneantic.com\/index.php\/wp-json\/wp\/v2\/product_cat?post=8466"},{"taxonomy":"product_tag","embeddable":true,"href":"https:\/\/marneantic.com\/index.php\/wp-json\/wp\/v2\/product_tag?post=8466"}],"curies":[{"name":"wp","href":"https:\/\/api.w.org\/{rel}","templated":true}]}}