{"id":8619,"date":"2019-04-26T14:09:49","date_gmt":"2019-04-26T13:09:49","guid":{"rendered":"https:\/\/marneantic.com\/?post_type=product&#038;p=8619"},"modified":"2019-04-26T14:21:37","modified_gmt":"2019-04-26T13:21:37","slug":"drap-ancien-en-coton270x210cm","status":"publish","type":"product","link":"https:\/\/marneantic.com\/index.php\/produit\/drap-ancien-en-coton270x210cm\/","title":{"rendered":"Drap ancien en coton:270x210cm"},"content":{"rendered":"","protected":false},"excerpt":{"rendered":"<p>Grand drap ancien en coton,sans broderie ni motif:270x210cm,en tr\u00e8s bon \u00e9tat,linge lav\u00e9,v\u00e9rifi\u00e9 et repass\u00e9<\/p>\n","protected":false},"featured_media":8621,"comment_status":"open","ping_status":"closed","template":"","meta":{"_et_pb_use_builder":"","_et_pb_old_content":"","_et_gb_content_width":""},"product_cat":[33],"product_tag":[],"_links":{"self":[{"href":"https:\/\/marneantic.com\/index.php\/wp-json\/wp\/v2\/product\/8619"}],"collection":[{"href":"https:\/\/marneantic.com\/index.php\/wp-json\/wp\/v2\/product"}],"about":[{"href":"https:\/\/marneantic.com\/index.php\/wp-json\/wp\/v2\/types\/product"}],"replies":[{"embeddable":true,"href":"https:\/\/marneantic.com\/index.php\/wp-json\/wp\/v2\/comments?post=8619"}],"wp:featuredmedia":[{"embeddable":true,"href":"https:\/\/marneantic.com\/index.php\/wp-json\/wp\/v2\/media\/8621"}],"wp:attachment":[{"href":"https:\/\/marneantic.com\/index.php\/wp-json\/wp\/v2\/media?parent=8619"}],"wp:term":[{"taxonomy":"product_cat","embeddable":true,"href":"https:\/\/marneantic.com\/index.php\/wp-json\/wp\/v2\/product_cat?post=8619"},{"taxonomy":"product_tag","embeddable":true,"href":"https:\/\/marneantic.com\/index.php\/wp-json\/wp\/v2\/product_tag?post=8619"}],"curies":[{"name":"wp","href":"https:\/\/api.w.org\/{rel}","templated":true}]}}