{"id":8682,"date":"2019-05-02T14:53:25","date_gmt":"2019-05-02T13:53:25","guid":{"rendered":"https:\/\/marneantic.com\/?post_type=product&#038;p=8682"},"modified":"2019-05-02T15:03:13","modified_gmt":"2019-05-02T14:03:13","slug":"st-louisverre-a-vin-blanc-ancienmodele-vic","status":"publish","type":"product","link":"https:\/\/marneantic.com\/index.php\/produit\/st-louisverre-a-vin-blanc-ancienmodele-vic\/","title":{"rendered":"ST LOUIS:verre a vin blanc ancien,modele VIC"},"content":{"rendered":"","protected":false},"excerpt":{"rendered":"<p>ST LOUIS:verre a vin blanc ancien,mod\u00e8le VIC,en tr\u00e8s bon \u00e9tat,hauteur:13cm,diam\u00e8tre du buvant:6cm,diam\u00e8tre du pied:6cm,estampill\u00e9<\/p>\n","protected":false},"featured_media":8685,"comment_status":"closed","ping_status":"closed","template":"","meta":{"_et_pb_use_builder":"","_et_pb_old_content":"","_et_gb_content_width":""},"product_cat":[10,11],"product_tag":[],"_links":{"self":[{"href":"https:\/\/marneantic.com\/index.php\/wp-json\/wp\/v2\/product\/8682"}],"collection":[{"href":"https:\/\/marneantic.com\/index.php\/wp-json\/wp\/v2\/product"}],"about":[{"href":"https:\/\/marneantic.com\/index.php\/wp-json\/wp\/v2\/types\/product"}],"replies":[{"embeddable":true,"href":"https:\/\/marneantic.com\/index.php\/wp-json\/wp\/v2\/comments?post=8682"}],"wp:featuredmedia":[{"embeddable":true,"href":"https:\/\/marneantic.com\/index.php\/wp-json\/wp\/v2\/media\/8685"}],"wp:attachment":[{"href":"https:\/\/marneantic.com\/index.php\/wp-json\/wp\/v2\/media?parent=8682"}],"wp:term":[{"taxonomy":"product_cat","embeddable":true,"href":"https:\/\/marneantic.com\/index.php\/wp-json\/wp\/v2\/product_cat?post=8682"},{"taxonomy":"product_tag","embeddable":true,"href":"https:\/\/marneantic.com\/index.php\/wp-json\/wp\/v2\/product_tag?post=8682"}],"curies":[{"name":"wp","href":"https:\/\/api.w.org\/{rel}","templated":true}]}}