{"id":8686,"date":"2019-05-02T15:34:30","date_gmt":"2019-05-02T14:34:30","guid":{"rendered":"https:\/\/marneantic.com\/?post_type=product&#038;p=8686"},"modified":"2019-05-02T15:34:30","modified_gmt":"2019-05-02T14:34:30","slug":"flacon-de-salle-de-bain-ancien-en-porcelaine-de-paris-limoges","status":"publish","type":"product","link":"https:\/\/marneantic.com\/index.php\/produit\/flacon-de-salle-de-bain-ancien-en-porcelaine-de-paris-limoges\/","title":{"rendered":"Flacon de salle de bain ancien en porcelaine de Paris\/Limoges"},"content":{"rendered":"","protected":false},"excerpt":{"rendered":"<p>Flacon de salle de bain ancien en porcelaine de Paris\/Limoges,en tr\u00e8s bon \u00e9tat,hauteur:14cm,cot\u00e9s:5.8&#215;5.8cm<\/p>\n","protected":false},"featured_media":8689,"comment_status":"open","ping_status":"closed","template":"","meta":{"_et_pb_use_builder":"","_et_pb_old_content":"","_et_gb_content_width":""},"product_cat":[14,8],"product_tag":[],"_links":{"self":[{"href":"https:\/\/marneantic.com\/index.php\/wp-json\/wp\/v2\/product\/8686"}],"collection":[{"href":"https:\/\/marneantic.com\/index.php\/wp-json\/wp\/v2\/product"}],"about":[{"href":"https:\/\/marneantic.com\/index.php\/wp-json\/wp\/v2\/types\/product"}],"replies":[{"embeddable":true,"href":"https:\/\/marneantic.com\/index.php\/wp-json\/wp\/v2\/comments?post=8686"}],"wp:featuredmedia":[{"embeddable":true,"href":"https:\/\/marneantic.com\/index.php\/wp-json\/wp\/v2\/media\/8689"}],"wp:attachment":[{"href":"https:\/\/marneantic.com\/index.php\/wp-json\/wp\/v2\/media?parent=8686"}],"wp:term":[{"taxonomy":"product_cat","embeddable":true,"href":"https:\/\/marneantic.com\/index.php\/wp-json\/wp\/v2\/product_cat?post=8686"},{"taxonomy":"product_tag","embeddable":true,"href":"https:\/\/marneantic.com\/index.php\/wp-json\/wp\/v2\/product_tag?post=8686"}],"curies":[{"name":"wp","href":"https:\/\/api.w.org\/{rel}","templated":true}]}}