{"id":8694,"date":"2019-05-03T14:13:25","date_gmt":"2019-05-03T13:13:25","guid":{"rendered":"https:\/\/marneantic.com\/?post_type=product&#038;p=8694"},"modified":"2019-06-27T14:01:38","modified_gmt":"2019-06-27T13:01:38","slug":"boite-a-bonbons-ancienne-avec-eau-forte-de-geo-doris","status":"publish","type":"product","link":"https:\/\/marneantic.com\/index.php\/produit\/boite-a-bonbons-ancienne-avec-eau-forte-de-geo-doris\/","title":{"rendered":"boite a bonbons ancienne avec eau forte de G\u00e9o DORIS"},"content":{"rendered":"","protected":false},"excerpt":{"rendered":"<p>boite a bonbons ancienne en carton de la maison MARQUIS a Paris avec eau forte de G\u00e9o DORIS et cercl\u00e9e de dentelle,en bon \u00e9tat,diametre:21cm,hauteur:4.7cm<\/p>\n","protected":false},"featured_media":8697,"comment_status":"open","ping_status":"closed","template":"","meta":{"_et_pb_use_builder":"","_et_pb_old_content":"","_et_gb_content_width":""},"product_cat":[14],"product_tag":[],"_links":{"self":[{"href":"https:\/\/marneantic.com\/index.php\/wp-json\/wp\/v2\/product\/8694"}],"collection":[{"href":"https:\/\/marneantic.com\/index.php\/wp-json\/wp\/v2\/product"}],"about":[{"href":"https:\/\/marneantic.com\/index.php\/wp-json\/wp\/v2\/types\/product"}],"replies":[{"embeddable":true,"href":"https:\/\/marneantic.com\/index.php\/wp-json\/wp\/v2\/comments?post=8694"}],"wp:featuredmedia":[{"embeddable":true,"href":"https:\/\/marneantic.com\/index.php\/wp-json\/wp\/v2\/media\/8697"}],"wp:attachment":[{"href":"https:\/\/marneantic.com\/index.php\/wp-json\/wp\/v2\/media?parent=8694"}],"wp:term":[{"taxonomy":"product_cat","embeddable":true,"href":"https:\/\/marneantic.com\/index.php\/wp-json\/wp\/v2\/product_cat?post=8694"},{"taxonomy":"product_tag","embeddable":true,"href":"https:\/\/marneantic.com\/index.php\/wp-json\/wp\/v2\/product_tag?post=8694"}],"curies":[{"name":"wp","href":"https:\/\/api.w.org\/{rel}","templated":true}]}}