{"id":8711,"date":"2019-05-06T13:29:09","date_gmt":"2019-05-06T12:29:09","guid":{"rendered":"https:\/\/marneantic.com\/?post_type=product&#038;p=8711"},"modified":"2019-05-06T13:29:09","modified_gmt":"2019-05-06T12:29:09","slug":"vase-imari-japonais-19emedecor-oiseaux-et-paon","status":"publish","type":"product","link":"https:\/\/marneantic.com\/index.php\/produit\/vase-imari-japonais-19emedecor-oiseaux-et-paon\/","title":{"rendered":"Vase IMARI japonais 19eme,d\u00e9cor oiseaux et paon"},"content":{"rendered":"","protected":false},"excerpt":{"rendered":"<p>Vase IMARI japonais 19eme,d\u00e9cor oiseaux et paon,en parfait \u00e9tat,hauteur:24cm,diam\u00e8tre:9.5cm<\/p>\n","protected":false},"featured_media":8717,"comment_status":"open","ping_status":"closed","template":"","meta":{"_et_pb_use_builder":"","_et_pb_old_content":"","_et_gb_content_width":""},"product_cat":[14,8],"product_tag":[],"_links":{"self":[{"href":"https:\/\/marneantic.com\/index.php\/wp-json\/wp\/v2\/product\/8711"}],"collection":[{"href":"https:\/\/marneantic.com\/index.php\/wp-json\/wp\/v2\/product"}],"about":[{"href":"https:\/\/marneantic.com\/index.php\/wp-json\/wp\/v2\/types\/product"}],"replies":[{"embeddable":true,"href":"https:\/\/marneantic.com\/index.php\/wp-json\/wp\/v2\/comments?post=8711"}],"wp:featuredmedia":[{"embeddable":true,"href":"https:\/\/marneantic.com\/index.php\/wp-json\/wp\/v2\/media\/8717"}],"wp:attachment":[{"href":"https:\/\/marneantic.com\/index.php\/wp-json\/wp\/v2\/media?parent=8711"}],"wp:term":[{"taxonomy":"product_cat","embeddable":true,"href":"https:\/\/marneantic.com\/index.php\/wp-json\/wp\/v2\/product_cat?post=8711"},{"taxonomy":"product_tag","embeddable":true,"href":"https:\/\/marneantic.com\/index.php\/wp-json\/wp\/v2\/product_tag?post=8711"}],"curies":[{"name":"wp","href":"https:\/\/api.w.org\/{rel}","templated":true}]}}