{"id":8756,"date":"2019-05-10T14:34:29","date_gmt":"2019-05-10T13:34:29","guid":{"rendered":"https:\/\/marneantic.com\/?post_type=product&#038;p=8756"},"modified":"2019-05-10T14:38:57","modified_gmt":"2019-05-10T13:38:57","slug":"lampe-berger-contemporaine-en-verre","status":"publish","type":"product","link":"https:\/\/marneantic.com\/index.php\/produit\/lampe-berger-contemporaine-en-verre\/","title":{"rendered":"Lampe berger contemporaine en verre"},"content":{"rendered":"","protected":false},"excerpt":{"rendered":"<p>Lampe berger contemporaine en verre,en tr\u00e8s bon \u00e9tat,compl\u00e8te,hauteur:14cm,cot\u00e9s:9.5&#215;9.5cm<\/p>\n","protected":false},"featured_media":8758,"comment_status":"open","ping_status":"closed","template":"","meta":{"_et_pb_use_builder":"","_et_pb_old_content":"","_et_gb_content_width":""},"product_cat":[14,8],"product_tag":[],"_links":{"self":[{"href":"https:\/\/marneantic.com\/index.php\/wp-json\/wp\/v2\/product\/8756"}],"collection":[{"href":"https:\/\/marneantic.com\/index.php\/wp-json\/wp\/v2\/product"}],"about":[{"href":"https:\/\/marneantic.com\/index.php\/wp-json\/wp\/v2\/types\/product"}],"replies":[{"embeddable":true,"href":"https:\/\/marneantic.com\/index.php\/wp-json\/wp\/v2\/comments?post=8756"}],"wp:featuredmedia":[{"embeddable":true,"href":"https:\/\/marneantic.com\/index.php\/wp-json\/wp\/v2\/media\/8758"}],"wp:attachment":[{"href":"https:\/\/marneantic.com\/index.php\/wp-json\/wp\/v2\/media?parent=8756"}],"wp:term":[{"taxonomy":"product_cat","embeddable":true,"href":"https:\/\/marneantic.com\/index.php\/wp-json\/wp\/v2\/product_cat?post=8756"},{"taxonomy":"product_tag","embeddable":true,"href":"https:\/\/marneantic.com\/index.php\/wp-json\/wp\/v2\/product_tag?post=8756"}],"curies":[{"name":"wp","href":"https:\/\/api.w.org\/{rel}","templated":true}]}}