{"id":8832,"date":"2019-05-27T13:03:14","date_gmt":"2019-05-27T12:03:14","guid":{"rendered":"https:\/\/marneantic.com\/?post_type=product&#038;p=8832"},"modified":"2019-08-06T07:31:33","modified_gmt":"2019-08-06T06:31:33","slug":"11-petites-cuilleres-art-deco-anciennes-en-metal-argente","status":"publish","type":"product","link":"https:\/\/marneantic.com\/index.php\/produit\/11-petites-cuilleres-art-deco-anciennes-en-metal-argente\/","title":{"rendered":"11 petites cuill\u00e8res art-d\u00e9co anciennes en m\u00e9tal argent\u00e9"},"content":{"rendered":"","protected":false},"excerpt":{"rendered":"<p>11 petites cuill\u00e8res art-d\u00e9co anciennes en m\u00e9tal argent\u00e9 poin\u00e7onn\u00e9,en tr\u00e8s bon \u00e9tat,longueur:14.5cm<\/p>\n","protected":false},"featured_media":0,"comment_status":"closed","ping_status":"closed","template":"","meta":{"_et_pb_use_builder":"","_et_pb_old_content":"","_et_gb_content_width":""},"product_cat":[12,10,44,29],"product_tag":[],"_links":{"self":[{"href":"https:\/\/marneantic.com\/index.php\/wp-json\/wp\/v2\/product\/8832"}],"collection":[{"href":"https:\/\/marneantic.com\/index.php\/wp-json\/wp\/v2\/product"}],"about":[{"href":"https:\/\/marneantic.com\/index.php\/wp-json\/wp\/v2\/types\/product"}],"replies":[{"embeddable":true,"href":"https:\/\/marneantic.com\/index.php\/wp-json\/wp\/v2\/comments?post=8832"}],"wp:attachment":[{"href":"https:\/\/marneantic.com\/index.php\/wp-json\/wp\/v2\/media?parent=8832"}],"wp:term":[{"taxonomy":"product_cat","embeddable":true,"href":"https:\/\/marneantic.com\/index.php\/wp-json\/wp\/v2\/product_cat?post=8832"},{"taxonomy":"product_tag","embeddable":true,"href":"https:\/\/marneantic.com\/index.php\/wp-json\/wp\/v2\/product_tag?post=8832"}],"curies":[{"name":"wp","href":"https:\/\/api.w.org\/{rel}","templated":true}]}}