{"id":8872,"date":"2019-05-30T12:46:42","date_gmt":"2019-05-30T11:46:42","guid":{"rendered":"https:\/\/marneantic.com\/?post_type=product&#038;p=8872"},"modified":"2019-05-30T12:53:37","modified_gmt":"2019-05-30T11:53:37","slug":"carafe-ancienne-en-verre-moule-bleue","status":"publish","type":"product","link":"https:\/\/marneantic.com\/index.php\/produit\/carafe-ancienne-en-verre-moule-bleue\/","title":{"rendered":"Carafe ancienne en verre moul\u00e9 bleue"},"content":{"rendered":"","protected":false},"excerpt":{"rendered":"<p>Carafe ancienne en verre moul\u00e9 bleue,en tr\u00e8s bon \u00e9tat,hauteur totale:34cm,diametre:15cm<\/p>\n","protected":false},"featured_media":8875,"comment_status":"closed","ping_status":"closed","template":"","meta":{"_et_pb_use_builder":"","_et_pb_old_content":"","_et_gb_content_width":""},"product_cat":[10,11],"product_tag":[],"_links":{"self":[{"href":"https:\/\/marneantic.com\/index.php\/wp-json\/wp\/v2\/product\/8872"}],"collection":[{"href":"https:\/\/marneantic.com\/index.php\/wp-json\/wp\/v2\/product"}],"about":[{"href":"https:\/\/marneantic.com\/index.php\/wp-json\/wp\/v2\/types\/product"}],"replies":[{"embeddable":true,"href":"https:\/\/marneantic.com\/index.php\/wp-json\/wp\/v2\/comments?post=8872"}],"wp:featuredmedia":[{"embeddable":true,"href":"https:\/\/marneantic.com\/index.php\/wp-json\/wp\/v2\/media\/8875"}],"wp:attachment":[{"href":"https:\/\/marneantic.com\/index.php\/wp-json\/wp\/v2\/media?parent=8872"}],"wp:term":[{"taxonomy":"product_cat","embeddable":true,"href":"https:\/\/marneantic.com\/index.php\/wp-json\/wp\/v2\/product_cat?post=8872"},{"taxonomy":"product_tag","embeddable":true,"href":"https:\/\/marneantic.com\/index.php\/wp-json\/wp\/v2\/product_tag?post=8872"}],"curies":[{"name":"wp","href":"https:\/\/api.w.org\/{rel}","templated":true}]}}