{"id":888,"date":"2016-03-12T14:27:47","date_gmt":"2016-03-12T13:27:47","guid":{"rendered":"http:\/\/marneantic.com\/?post_type=product&#038;p=888"},"modified":"2016-03-12T14:27:47","modified_gmt":"2016-03-12T13:27:47","slug":"paire-de-vases-rouleau-ceramique-emaillee-nap-iii","status":"publish","type":"product","link":"https:\/\/marneantic.com\/index.php\/produit\/paire-de-vases-rouleau-ceramique-emaillee-nap-iii\/","title":{"rendered":"Paire de vases rouleau c\u00e9ramique emaill\u00e9e nap III"},"content":{"rendered":"","protected":false},"excerpt":{"rendered":"<p>Paire de vases rouleau en c\u00e9ramique emaill\u00e9e nap III,d\u00e9cor de fuschias et abeilles,en parfait \u00e9tat,aucune marque de fabrique<\/p>\n","protected":false},"featured_media":889,"comment_status":"closed","ping_status":"closed","template":"","meta":{"_et_pb_use_builder":"","_et_pb_old_content":"","_et_gb_content_width":""},"product_cat":[14,8],"product_tag":[],"_links":{"self":[{"href":"https:\/\/marneantic.com\/index.php\/wp-json\/wp\/v2\/product\/888"}],"collection":[{"href":"https:\/\/marneantic.com\/index.php\/wp-json\/wp\/v2\/product"}],"about":[{"href":"https:\/\/marneantic.com\/index.php\/wp-json\/wp\/v2\/types\/product"}],"replies":[{"embeddable":true,"href":"https:\/\/marneantic.com\/index.php\/wp-json\/wp\/v2\/comments?post=888"}],"wp:featuredmedia":[{"embeddable":true,"href":"https:\/\/marneantic.com\/index.php\/wp-json\/wp\/v2\/media\/889"}],"wp:attachment":[{"href":"https:\/\/marneantic.com\/index.php\/wp-json\/wp\/v2\/media?parent=888"}],"wp:term":[{"taxonomy":"product_cat","embeddable":true,"href":"https:\/\/marneantic.com\/index.php\/wp-json\/wp\/v2\/product_cat?post=888"},{"taxonomy":"product_tag","embeddable":true,"href":"https:\/\/marneantic.com\/index.php\/wp-json\/wp\/v2\/product_tag?post=888"}],"curies":[{"name":"wp","href":"https:\/\/api.w.org\/{rel}","templated":true}]}}