{"id":8900,"date":"2019-06-04T12:26:12","date_gmt":"2019-06-04T11:26:12","guid":{"rendered":"https:\/\/marneantic.com\/?post_type=product&#038;p=8900"},"modified":"2019-06-04T12:29:22","modified_gmt":"2019-06-04T11:29:22","slug":"vase-tube-vintage-en-faience","status":"publish","type":"product","link":"https:\/\/marneantic.com\/index.php\/produit\/vase-tube-vintage-en-faience\/","title":{"rendered":"Vase tube vintage en fa\u00efence"},"content":{"rendered":"","protected":false},"excerpt":{"rendered":"<p>Vase tube vintage en fa\u00efence en parfait \u00e9tat,signature au dessous a identifi\u00e9e,hauteur:27.5cm,diam\u00e8tre:6cm<\/p>\n","protected":false},"featured_media":8902,"comment_status":"open","ping_status":"closed","template":"","meta":{"_et_pb_use_builder":"","_et_pb_old_content":"","_et_gb_content_width":""},"product_cat":[8,16],"product_tag":[],"_links":{"self":[{"href":"https:\/\/marneantic.com\/index.php\/wp-json\/wp\/v2\/product\/8900"}],"collection":[{"href":"https:\/\/marneantic.com\/index.php\/wp-json\/wp\/v2\/product"}],"about":[{"href":"https:\/\/marneantic.com\/index.php\/wp-json\/wp\/v2\/types\/product"}],"replies":[{"embeddable":true,"href":"https:\/\/marneantic.com\/index.php\/wp-json\/wp\/v2\/comments?post=8900"}],"wp:featuredmedia":[{"embeddable":true,"href":"https:\/\/marneantic.com\/index.php\/wp-json\/wp\/v2\/media\/8902"}],"wp:attachment":[{"href":"https:\/\/marneantic.com\/index.php\/wp-json\/wp\/v2\/media?parent=8900"}],"wp:term":[{"taxonomy":"product_cat","embeddable":true,"href":"https:\/\/marneantic.com\/index.php\/wp-json\/wp\/v2\/product_cat?post=8900"},{"taxonomy":"product_tag","embeddable":true,"href":"https:\/\/marneantic.com\/index.php\/wp-json\/wp\/v2\/product_tag?post=8900"}],"curies":[{"name":"wp","href":"https:\/\/api.w.org\/{rel}","templated":true}]}}