{"id":9024,"date":"2019-06-18T12:40:41","date_gmt":"2019-06-18T11:40:41","guid":{"rendered":"https:\/\/marneantic.com\/?post_type=product&#038;p=9024"},"modified":"2019-08-06T07:28:54","modified_gmt":"2019-08-06T06:28:54","slug":"sauciere-a-huitres-art-deco-ancienne-en-metal-chrome","status":"publish","type":"product","link":"https:\/\/marneantic.com\/index.php\/produit\/sauciere-a-huitres-art-deco-ancienne-en-metal-chrome\/","title":{"rendered":"Sauci\u00e8re a hu\u00eetres art-d\u00e9co ancienne en m\u00e9tal chrom\u00e9"},"content":{"rendered":"","protected":false},"excerpt":{"rendered":"<p>Sauci\u00e8re a hu\u00eetres art-d\u00e9co ancienne en m\u00e9tal chrom\u00e9,en tr\u00e8s bon \u00e9tat(petites pointes de chrome manquantes par endroits)compl\u00e8te avec cuill\u00e8re et r\u00e9cipient en verre a l\u2019int\u00e9rieur,longueur:13cm,largeur:10cm,hauteur hors poign\u00e9e couvercle:5.5cm<\/p>\n","protected":false},"featured_media":9027,"comment_status":"open","ping_status":"closed","template":"","meta":{"_et_pb_use_builder":"","_et_pb_old_content":"","_et_gb_content_width":""},"product_cat":[13,10,44],"product_tag":[],"_links":{"self":[{"href":"https:\/\/marneantic.com\/index.php\/wp-json\/wp\/v2\/product\/9024"}],"collection":[{"href":"https:\/\/marneantic.com\/index.php\/wp-json\/wp\/v2\/product"}],"about":[{"href":"https:\/\/marneantic.com\/index.php\/wp-json\/wp\/v2\/types\/product"}],"replies":[{"embeddable":true,"href":"https:\/\/marneantic.com\/index.php\/wp-json\/wp\/v2\/comments?post=9024"}],"wp:featuredmedia":[{"embeddable":true,"href":"https:\/\/marneantic.com\/index.php\/wp-json\/wp\/v2\/media\/9027"}],"wp:attachment":[{"href":"https:\/\/marneantic.com\/index.php\/wp-json\/wp\/v2\/media?parent=9024"}],"wp:term":[{"taxonomy":"product_cat","embeddable":true,"href":"https:\/\/marneantic.com\/index.php\/wp-json\/wp\/v2\/product_cat?post=9024"},{"taxonomy":"product_tag","embeddable":true,"href":"https:\/\/marneantic.com\/index.php\/wp-json\/wp\/v2\/product_tag?post=9024"}],"curies":[{"name":"wp","href":"https:\/\/api.w.org\/{rel}","templated":true}]}}