{"id":9104,"date":"2019-06-28T12:33:22","date_gmt":"2019-06-28T11:33:22","guid":{"rendered":"https:\/\/marneantic.com\/?post_type=product&#038;p=9104"},"modified":"2019-06-28T12:39:07","modified_gmt":"2019-06-28T11:39:07","slug":"service-a-decouper-ancien-corneargent-et-acier-2","status":"publish","type":"product","link":"https:\/\/marneantic.com\/index.php\/produit\/service-a-decouper-ancien-corneargent-et-acier-2\/","title":{"rendered":"Service a d\u00e9couper ancien corne,argent et acier"},"content":{"rendered":"","protected":false},"excerpt":{"rendered":"<p>Service a d\u00e9couper ancien,manche en corne travaill\u00e9,virole argent et lame acier,longueur:31.5cm et 27.5cm,en bon \u00e9tat<\/p>\n","protected":false},"featured_media":9107,"comment_status":"closed","ping_status":"closed","template":"","meta":{"_et_pb_use_builder":"","_et_pb_old_content":"","_et_gb_content_width":""},"product_cat":[10,29],"product_tag":[],"_links":{"self":[{"href":"https:\/\/marneantic.com\/index.php\/wp-json\/wp\/v2\/product\/9104"}],"collection":[{"href":"https:\/\/marneantic.com\/index.php\/wp-json\/wp\/v2\/product"}],"about":[{"href":"https:\/\/marneantic.com\/index.php\/wp-json\/wp\/v2\/types\/product"}],"replies":[{"embeddable":true,"href":"https:\/\/marneantic.com\/index.php\/wp-json\/wp\/v2\/comments?post=9104"}],"wp:featuredmedia":[{"embeddable":true,"href":"https:\/\/marneantic.com\/index.php\/wp-json\/wp\/v2\/media\/9107"}],"wp:attachment":[{"href":"https:\/\/marneantic.com\/index.php\/wp-json\/wp\/v2\/media?parent=9104"}],"wp:term":[{"taxonomy":"product_cat","embeddable":true,"href":"https:\/\/marneantic.com\/index.php\/wp-json\/wp\/v2\/product_cat?post=9104"},{"taxonomy":"product_tag","embeddable":true,"href":"https:\/\/marneantic.com\/index.php\/wp-json\/wp\/v2\/product_tag?post=9104"}],"curies":[{"name":"wp","href":"https:\/\/api.w.org\/{rel}","templated":true}]}}