{"id":913,"date":"2016-03-14T16:18:43","date_gmt":"2016-03-14T15:18:43","guid":{"rendered":"http:\/\/marneantic.com\/?post_type=product&#038;p=913"},"modified":"2016-03-14T16:18:43","modified_gmt":"2016-03-14T15:18:43","slug":"poudrier-metal-dore-stratton","status":"publish","type":"product","link":"https:\/\/marneantic.com\/index.php\/produit\/poudrier-metal-dore-stratton\/","title":{"rendered":"Poudrier m\u00e9tal dor\u00e9 Stratton"},"content":{"rendered":"","protected":false},"excerpt":{"rendered":"<p>Poudrier en m\u00e9tal dor\u00e9 Stratton,origine anglaise,en bon \u00e9tat<\/p>\n","protected":false},"featured_media":914,"comment_status":"open","ping_status":"closed","template":"","meta":{"_et_pb_use_builder":"","_et_pb_old_content":"","_et_gb_content_width":""},"product_cat":[14],"product_tag":[],"_links":{"self":[{"href":"https:\/\/marneantic.com\/index.php\/wp-json\/wp\/v2\/product\/913"}],"collection":[{"href":"https:\/\/marneantic.com\/index.php\/wp-json\/wp\/v2\/product"}],"about":[{"href":"https:\/\/marneantic.com\/index.php\/wp-json\/wp\/v2\/types\/product"}],"replies":[{"embeddable":true,"href":"https:\/\/marneantic.com\/index.php\/wp-json\/wp\/v2\/comments?post=913"}],"wp:featuredmedia":[{"embeddable":true,"href":"https:\/\/marneantic.com\/index.php\/wp-json\/wp\/v2\/media\/914"}],"wp:attachment":[{"href":"https:\/\/marneantic.com\/index.php\/wp-json\/wp\/v2\/media?parent=913"}],"wp:term":[{"taxonomy":"product_cat","embeddable":true,"href":"https:\/\/marneantic.com\/index.php\/wp-json\/wp\/v2\/product_cat?post=913"},{"taxonomy":"product_tag","embeddable":true,"href":"https:\/\/marneantic.com\/index.php\/wp-json\/wp\/v2\/product_tag?post=913"}],"curies":[{"name":"wp","href":"https:\/\/api.w.org\/{rel}","templated":true}]}}